{"id":19520,"date":"2023-01-30T19:00:14","date_gmt":"2023-01-30T22:00:14","guid":{"rendered":"https:\/\/flacso.cl\/biblioteca\/?post_type=product&#038;p=19520"},"modified":"2024-04-23T12:50:30","modified_gmt":"2024-04-23T16:50:30","slug":"aproximacion-sociologica-al-cambio-de-la-iglesia-catolica-de-santiago","status":"publish","type":"product","link":"https:\/\/flacso.cl\/biblioteca\/product\/aproximacion-sociologica-al-cambio-de-la-iglesia-catolica-de-santiago\/","title":{"rendered":"Aproximaci\u00f3n Sociol\u00f3gica al cambio de la Iglesia Cat\u00f3lica de Santiago"},"content":{"rendered":"<p><strong>Instrucciones de descarga:<\/strong> Para descargar esta publicaci\u00f3n, debe ir a la parte de abajo donde se muestra una vista previa del archivo y dar clic en los tres puntos. Al dar clic en los tres puntos se le van a desplegar diferentes opciones y la primera es &#8220;Descargar archivo PDF&#8221;, el cual le permite guardar el archivo en su computadora.<\/p>\n<div class=\"_df_book df-lite\" id=\"df_19515\"  _slug=\"aproximacion-sociologica-al-cambio-de-la-iglesia-catolica-de-santiago\" data-title=\"aproximacion-sociologica-al-cambio-de-la-iglesia-catolica-de-santiago\" wpoptions=\"true\" thumbtype=\"\" ><\/div><script class=\"df-shortcode-script\" nowprocket type=\"application\/javascript\">window.option_df_19515 = {\"outline\":[],\"autoEnableOutline\":\"false\",\"autoEnableThumbnail\":\"false\",\"overwritePDFOutline\":\"false\",\"direction\":\"1\",\"pageSize\":\"0\",\"source\":\"https:\\\/\\\/flacso.cl\\\/biblioteca\\\/wp-content\\\/uploads\\\/2023\\\/01\\\/030526.pdf\",\"wpOptions\":\"true\"}; if(window.DFLIP && window.DFLIP.parseBooks){window.DFLIP.parseBooks();}<\/script>\n","protected":false},"excerpt":{"rendered":"<p>Instrucciones de descarga: Para descargar esta publicaci\u00f3n, debe ir a la parte de abajo donde&hellip;<\/p>\n","protected":false},"featured_media":19519,"template":"","meta":[],"product_brand":[],"product_cat":[187],"product_tag":[278,256,828],"class_list":{"0":"post-19520","1":"product","2":"type-product","3":"status-publish","4":"has-post-thumbnail","6":"product_cat-libro","7":"product_tag-analisis-historico","8":"product_tag-chile","9":"product_tag-iglesia-catolica","10":"pa_anio-publicacion-258","11":"pa_autor-adolfo-aldunate","13":"first","14":"instock","15":"downloadable","16":"virtual","17":"product-type-simple"},"_links":{"self":[{"href":"https:\/\/flacso.cl\/biblioteca\/wp-json\/wp\/v2\/product\/19520","targetHints":{"allow":["GET"]}}],"collection":[{"href":"https:\/\/flacso.cl\/biblioteca\/wp-json\/wp\/v2\/product"}],"about":[{"href":"https:\/\/flacso.cl\/biblioteca\/wp-json\/wp\/v2\/types\/product"}],"wp:featuredmedia":[{"embeddable":true,"href":"https:\/\/flacso.cl\/biblioteca\/wp-json\/wp\/v2\/media\/19519"}],"wp:attachment":[{"href":"https:\/\/flacso.cl\/biblioteca\/wp-json\/wp\/v2\/media?parent=19520"}],"wp:term":[{"taxonomy":"product_brand","embeddable":true,"href":"https:\/\/flacso.cl\/biblioteca\/wp-json\/wp\/v2\/product_brand?post=19520"},{"taxonomy":"product_cat","embeddable":true,"href":"https:\/\/flacso.cl\/biblioteca\/wp-json\/wp\/v2\/product_cat?post=19520"},{"taxonomy":"product_tag","embeddable":true,"href":"https:\/\/flacso.cl\/biblioteca\/wp-json\/wp\/v2\/product_tag?post=19520"}],"curies":[{"name":"wp","href":"https:\/\/api.w.org\/{rel}","templated":true}]}}