{"id":19650,"date":"2023-01-31T07:28:33","date_gmt":"2023-01-31T10:28:33","guid":{"rendered":"https:\/\/flacso.cl\/biblioteca\/?post_type=product&#038;p=19650"},"modified":"2024-08-21T16:08:25","modified_gmt":"2024-08-21T20:08:25","slug":"como-mejorar-la-gestion-publica","status":"publish","type":"product","link":"https:\/\/flacso.cl\/biblioteca\/product\/como-mejorar-la-gestion-publica\/","title":{"rendered":"C\u00f3mo mejorar la gesti\u00f3n p\u00fablica"},"content":{"rendered":"<p><strong>Instrucciones de descarga:<\/strong> Para descargar esta publicaci\u00f3n, debe ir a la parte de abajo donde se muestra una vista previa del archivo y dar clic en los tres puntos. Al dar clic en los tres puntos se le van a desplegar diferentes opciones y la primera es &#8220;Descargar archivo PDF&#8221;, el cual le permite guardar el archivo en su computadora.<\/p>\n<div class=\"_df_book df-lite\" id=\"df_19595\"  _slug=\"desarrollo-con-equidad-las-pobladoras-y-el-estado-notas-para-un-debate\" data-title=\"como-mejorar-la-gestion-publica\" wpoptions=\"true\" thumbtype=\"\" ><\/div><script class=\"df-shortcode-script\" nowprocket type=\"application\/javascript\">window.option_df_19595 = {\"outline\":[],\"autoEnableOutline\":\"false\",\"autoEnableThumbnail\":\"false\",\"overwritePDFOutline\":\"false\",\"direction\":\"1\",\"pageSize\":\"0\",\"source\":\"https:\\\/\\\/flacso.cl\\\/biblioteca\\\/wp-content\\\/uploads\\\/2023\\\/01\\\/000649.pdf\",\"wpOptions\":\"true\"}; if(window.DFLIP && window.DFLIP.parseBooks){window.DFLIP.parseBooks();}<\/script>\n","protected":false},"excerpt":{"rendered":"<p>Instrucciones de descarga: Para descargar esta publicaci\u00f3n, debe ir a la parte de abajo donde&hellip;<\/p>\n","protected":false},"featured_media":19601,"template":"","meta":[],"product_brand":[],"product_cat":[187],"product_tag":[288,287,249],"class_list":{"0":"post-19650","1":"product","2":"type-product","3":"status-publish","4":"has-post-thumbnail","6":"product_cat-libro","7":"product_tag-confianza","8":"product_tag-gestion-publica","9":"product_tag-gobernabilidad-e-institucionalidad","10":"pa_anio-publicacion-246","11":"pa_autor-alejandro-jadresic","12":"pa_autor-angel-flisfisch","13":"pa_autor-arturo-navarro","14":"pa_autor-astrid-poblete","15":"pa_autor-carlos-vergara","16":"pa_autor-carlos-vignolo","17":"pa_autor-daniel-fernandez","18":"pa_autor-eduardo-bitran","19":"pa_autor-eduardo-saavedra","20":"pa_autor-enrique-mendez","21":"pa_autor-eugenio-guzman","22":"pa_autor-eugenio-lahera","23":"pa_autor-german-quintana","24":"pa_autor-jorge-heine","25":"pa_autor-jose-joaquin-brunner","26":"pa_autor-juan-carlos-lucero","27":"pa_autor-luciano-tomassini","28":"pa_autor-mariana-aylwin","29":"pa_autor-mario-marcel","30":"pa_autor-nicolas-eyzaguirre","31":"pa_autor-oscar-landerretche","32":"pa_autor-osvaldo-rosales","33":"pa_autor-rebeca-salazar","34":"pa_autor-rigoberto-garcia","35":"pa_autor-rosa-bravo","36":"pa_autor-virgina-guzman","37":"pa_editor-compilador-eugenio-lahera","38":"pa_isbn-956-7378-01-0","40":"first","41":"instock","42":"downloadable","43":"virtual","44":"product-type-simple"},"_links":{"self":[{"href":"https:\/\/flacso.cl\/biblioteca\/wp-json\/wp\/v2\/product\/19650","targetHints":{"allow":["GET"]}}],"collection":[{"href":"https:\/\/flacso.cl\/biblioteca\/wp-json\/wp\/v2\/product"}],"about":[{"href":"https:\/\/flacso.cl\/biblioteca\/wp-json\/wp\/v2\/types\/product"}],"wp:featuredmedia":[{"embeddable":true,"href":"https:\/\/flacso.cl\/biblioteca\/wp-json\/wp\/v2\/media\/19601"}],"wp:attachment":[{"href":"https:\/\/flacso.cl\/biblioteca\/wp-json\/wp\/v2\/media?parent=19650"}],"wp:term":[{"taxonomy":"product_brand","embeddable":true,"href":"https:\/\/flacso.cl\/biblioteca\/wp-json\/wp\/v2\/product_brand?post=19650"},{"taxonomy":"product_cat","embeddable":true,"href":"https:\/\/flacso.cl\/biblioteca\/wp-json\/wp\/v2\/product_cat?post=19650"},{"taxonomy":"product_tag","embeddable":true,"href":"https:\/\/flacso.cl\/biblioteca\/wp-json\/wp\/v2\/product_tag?post=19650"}],"curies":[{"name":"wp","href":"https:\/\/api.w.org\/{rel}","templated":true}]}}