{"id":19652,"date":"2023-01-31T07:28:34","date_gmt":"2023-01-31T10:28:34","guid":{"rendered":"https:\/\/flacso.cl\/biblioteca\/?post_type=product&#038;p=19652"},"modified":"2024-08-22T16:38:34","modified_gmt":"2024-08-22T20:38:34","slug":"mujeres-latinoamericanas-en-cifras-avances-de-investigacion-chile-viii-organismos-y-accion-de-promocion-de-la-mujer","status":"publish","type":"product","link":"https:\/\/flacso.cl\/biblioteca\/product\/mujeres-latinoamericanas-en-cifras-avances-de-investigacion-chile-viii-organismos-y-accion-de-promocion-de-la-mujer\/","title":{"rendered":"Mujeres Latinoamericanas en cifras. Avances de investigaci\u00f3n. Chile. VIII. Organismos y acci\u00f3n de promoci\u00f3n de la mujer\u00a0"},"content":{"rendered":"<p><strong>Instrucciones de descarga:<\/strong> Para descargar esta publicaci\u00f3n, debe ir a la parte de abajo donde se muestra una vista previa del archivo y dar clic en los tres puntos. Al dar clic en los tres puntos se le van a desplegar diferentes opciones y la primera es &#8220;Descargar archivo PDF&#8221;, el cual le permite guardar el archivo en su computadora.<\/p>\n<div class=\"_df_book df-lite\" id=\"df_19581\"  _slug=\"mujeres-latinoamericanas-en-cifras-avances-de-investigacion-chile-viii-organismos-y-accion-de-promocion-de-la-mujer\" data-title=\"mujeres-latinoamericanas-en-cifras-avances-de-investigacion-chile-viii-organismos-y-accion-de-promocion-de-la-mujer\" wpoptions=\"true\" thumbtype=\"\" ><\/div><script class=\"df-shortcode-script\" nowprocket type=\"application\/javascript\">window.option_df_19581 = {\"outline\":[],\"autoEnableOutline\":\"false\",\"autoEnableThumbnail\":\"false\",\"overwritePDFOutline\":\"false\",\"direction\":\"1\",\"pageSize\":\"0\",\"source\":\"https:\\\/\\\/flacso.cl\\\/biblioteca\\\/wp-content\\\/uploads\\\/2023\\\/01\\\/000530.pdf\",\"wpOptions\":\"true\"}; if(window.DFLIP && window.DFLIP.parseBooks){window.DFLIP.parseBooks();}<\/script>\n","protected":false},"excerpt":{"rendered":"<p>Instrucciones de descarga: Para descargar esta publicaci\u00f3n, debe ir a la parte de abajo donde&hellip;<\/p>\n","protected":false},"featured_media":19554,"template":"","meta":[],"product_brand":[],"product_cat":[232],"product_tag":[278,266,277],"class_list":{"0":"post-19652","1":"product","2":"type-product","3":"status-publish","4":"has-post-thumbnail","6":"product_cat-documento-trabajo","7":"product_tag-analisis-historico","8":"product_tag-mujeres","9":"product_tag-organizaciones-de-promocion-de-la-mujer","10":"pa_anio-publicacion-237","11":"pa_equipo-coordinador-enrique-gomariz","12":"pa_equipo-coordinador-teresa-valdes","14":"first","15":"instock","16":"downloadable","17":"virtual","18":"product-type-simple"},"_links":{"self":[{"href":"https:\/\/flacso.cl\/biblioteca\/wp-json\/wp\/v2\/product\/19652","targetHints":{"allow":["GET"]}}],"collection":[{"href":"https:\/\/flacso.cl\/biblioteca\/wp-json\/wp\/v2\/product"}],"about":[{"href":"https:\/\/flacso.cl\/biblioteca\/wp-json\/wp\/v2\/types\/product"}],"wp:featuredmedia":[{"embeddable":true,"href":"https:\/\/flacso.cl\/biblioteca\/wp-json\/wp\/v2\/media\/19554"}],"wp:attachment":[{"href":"https:\/\/flacso.cl\/biblioteca\/wp-json\/wp\/v2\/media?parent=19652"}],"wp:term":[{"taxonomy":"product_brand","embeddable":true,"href":"https:\/\/flacso.cl\/biblioteca\/wp-json\/wp\/v2\/product_brand?post=19652"},{"taxonomy":"product_cat","embeddable":true,"href":"https:\/\/flacso.cl\/biblioteca\/wp-json\/wp\/v2\/product_cat?post=19652"},{"taxonomy":"product_tag","embeddable":true,"href":"https:\/\/flacso.cl\/biblioteca\/wp-json\/wp\/v2\/product_tag?post=19652"}],"curies":[{"name":"wp","href":"https:\/\/api.w.org\/{rel}","templated":true}]}}