{"id":19929,"date":"2023-01-31T07:29:08","date_gmt":"2023-01-31T10:29:08","guid":{"rendered":"https:\/\/flacso.cl\/biblioteca\/product\/como-se-plantea-el-problema-de-la-sistematizacion-en-equipos-de-educacion-popular-y-de-accion-social\/"},"modified":"2024-07-22T11:38:20","modified_gmt":"2024-07-22T15:38:20","slug":"como-se-plantea-el-problema-de-la-sistematizacion-en-equipos-de-educacion-popular-y-de-accion-social","status":"publish","type":"product","link":"https:\/\/flacso.cl\/biblioteca\/product\/como-se-plantea-el-problema-de-la-sistematizacion-en-equipos-de-educacion-popular-y-de-accion-social\/","title":{"rendered":"Como se plantea el problema de la sistematizaci\u00f3n en equipos de educaci\u00f3n popular y de acci\u00f3n social"},"content":{"rendered":"<p><strong>Instrucciones de descarga:<\/strong>\u00a0Para descargar esta publicaci\u00f3n, debe ir a la parte de abajo donde se muestra una vista previa del archivo y dar clic en los tres puntos. Al dar clic en los tres puntos se le van a desplegar diferentes opciones y la primera es \u201cDescargar archivo PDF\u201d, el cual le permite guardar el archivo en su computadora.<\/p>\n<div id=\"df_19515\" class=\"_df_book df-lite df-container df-floating df-controls-bottom\" data-title=\"aproximacion-sociologica-al-cambio-de-la-iglesia-catolica-de-santiago\">\n<div id=\"dflip_post_meta_box_shortcode\" class=\"postbox \">\n<div class=\"inside\">\n<div class=\"dflip-tabs normal-tabs\">\n<div id=\"dflip-tab-content-normal\" class=\"dflip-tab-content dflip-active\"><div class=\"_df_book df-lite\" id=\"df_21893\"  _slug=\"como-se-plantea-el-problema-de-la-sistematizacion-en-equipos-de-educacion-popular-y-de-accion-social\" data-title=\"como-se-plantea-el-problema-de-la-sistematizacion-en-equipos-de-educacion-popular-y-de-accion-social\" wpoptions=\"true\" thumbtype=\"\" ><\/div><script class=\"df-shortcode-script\" nowprocket type=\"application\/javascript\">window.option_df_21893 = {\"outline\":[],\"autoEnableOutline\":\"false\",\"autoEnableThumbnail\":\"false\",\"overwritePDFOutline\":\"false\",\"direction\":\"1\",\"pageSize\":\"0\",\"source\":\"https:\\\/\\\/flacso.cl\\\/biblioteca\\\/wp-content\\\/uploads\\\/2023\\\/01\\\/000232.pdf\",\"wpOptions\":\"true\"}; if(window.DFLIP && window.DFLIP.parseBooks){window.DFLIP.parseBooks();}<\/script><\/div>\n<\/div>\n<\/div>\n<\/div>\n<\/div>\n","protected":false},"excerpt":{"rendered":"<p>Instrucciones de descarga:\u00a0Para descargar esta publicaci\u00f3n, debe ir a la parte de abajo donde se&hellip;<\/p>\n","protected":false},"featured_media":21895,"template":"","meta":[],"product_brand":[],"product_cat":[232],"product_tag":[489,488],"class_list":{"0":"post-19929","1":"product","2":"type-product","3":"status-publish","4":"has-post-thumbnail","6":"product_cat-documento-trabajo","7":"product_tag-analisis-comparativo","8":"product_tag-educacion-popular","9":"pa_anio-publicacion-1157","10":"pa_autor-eduardo-pino","12":"first","13":"instock","14":"downloadable","15":"virtual","16":"product-type-simple"},"_links":{"self":[{"href":"https:\/\/flacso.cl\/biblioteca\/wp-json\/wp\/v2\/product\/19929","targetHints":{"allow":["GET"]}}],"collection":[{"href":"https:\/\/flacso.cl\/biblioteca\/wp-json\/wp\/v2\/product"}],"about":[{"href":"https:\/\/flacso.cl\/biblioteca\/wp-json\/wp\/v2\/types\/product"}],"wp:featuredmedia":[{"embeddable":true,"href":"https:\/\/flacso.cl\/biblioteca\/wp-json\/wp\/v2\/media\/21895"}],"wp:attachment":[{"href":"https:\/\/flacso.cl\/biblioteca\/wp-json\/wp\/v2\/media?parent=19929"}],"wp:term":[{"taxonomy":"product_brand","embeddable":true,"href":"https:\/\/flacso.cl\/biblioteca\/wp-json\/wp\/v2\/product_brand?post=19929"},{"taxonomy":"product_cat","embeddable":true,"href":"https:\/\/flacso.cl\/biblioteca\/wp-json\/wp\/v2\/product_cat?post=19929"},{"taxonomy":"product_tag","embeddable":true,"href":"https:\/\/flacso.cl\/biblioteca\/wp-json\/wp\/v2\/product_tag?post=19929"}],"curies":[{"name":"wp","href":"https:\/\/api.w.org\/{rel}","templated":true}]}}