{"id":20110,"date":"2023-01-31T07:29:33","date_gmt":"2023-01-31T10:29:33","guid":{"rendered":"https:\/\/flacso.cl\/biblioteca\/product\/los-conflictos-internos-en-el-partido-democrata-cristiano-durante-la-primera-etapa-del-gobierno-de-eduardo-frei-1964-1968-la-dimension-ideologica-de-un-debate-politico\/"},"modified":"2024-08-19T12:00:27","modified_gmt":"2024-08-19T16:00:27","slug":"los-conflictos-internos-en-el-partido-democrata-cristiano-durante-la-primera-etapa-del-gobierno-de-eduardo-frei-1964-1968-la-dimension-ideologica-de-un-debate-politico","status":"publish","type":"product","link":"https:\/\/flacso.cl\/biblioteca\/product\/los-conflictos-internos-en-el-partido-democrata-cristiano-durante-la-primera-etapa-del-gobierno-de-eduardo-frei-1964-1968-la-dimension-ideologica-de-un-debate-politico\/","title":{"rendered":"Los conflictos internos en el Partido Dem\u00f3crata Cristiano durante la primera etapa del gobierno de Eduardo Frei (1964-1968). La dimensi\u00f3n ideol\u00f3gica de un debate pol\u00edtico"},"content":{"rendered":"<p><strong>Instrucciones de descarga:<\/strong>\u00a0Para descargar esta publicaci\u00f3n, debe ir a la parte de abajo donde se muestra una vista previa del archivo y dar clic en los tres puntos. Al dar clic en los tres puntos se le van a desplegar diferentes opciones y la primera es \u201cDescargar archivo PDF\u201d, el cual le permite guardar el archivo en su computadora.<\/p>\n<div id=\"df_19515\" class=\"_df_book df-lite df-container df-floating df-controls-bottom\" data-title=\"aproximacion-sociologica-al-cambio-de-la-iglesia-catolica-de-santiago\">\n<div id=\"dflip_post_meta_box_shortcode\" class=\"postbox \">\n<div class=\"inside\">\n<div class=\"dflip-tabs normal-tabs\">\n<div id=\"dflip-tab-content-normal\" class=\"dflip-tab-content dflip-active\"><div class=\"_df_book df-lite\" id=\"df_22645\"  _slug=\"los-conflictos-internos-en-el-partido-democrata-cristiano-durante-la-primera-etapa-del-gobierno-de-eduardo-frei-1964-1968-la-dimension-ideologica-de-un-debate-politico\" data-title=\"los-conflictos-internos-en-el-partido-democrata-cristiano-durante-la-primera-etapa-del-gobierno-de-eduardo-frei-1964-1968-la-dimension-ideologica-de-un-debate-politico\" wpoptions=\"true\" thumbtype=\"\" ><\/div><script class=\"df-shortcode-script\" nowprocket type=\"application\/javascript\">window.option_df_22645 = {\"outline\":[],\"autoEnableOutline\":\"false\",\"autoEnableThumbnail\":\"false\",\"overwritePDFOutline\":\"false\",\"direction\":\"1\",\"pageSize\":\"0\",\"source\":\"https:\\\/\\\/flacso.cl\\\/biblioteca\\\/wp-content\\\/uploads\\\/2023\\\/02\\\/000331.pdf\",\"wpOptions\":\"true\"}; if(window.DFLIP && window.DFLIP.parseBooks){window.DFLIP.parseBooks();}<\/script><\/div>\n<\/div>\n<\/div>\n<\/div>\n<\/div>\n","protected":false},"excerpt":{"rendered":"<p>Instrucciones de descarga:\u00a0Para descargar esta publicaci\u00f3n, debe ir a la parte de abajo donde se&hellip;<\/p>\n","protected":false},"featured_media":19593,"template":"","meta":[],"product_brand":[],"product_cat":[232],"product_tag":[240,535,239],"class_list":{"0":"post-20110","1":"product","2":"type-product","3":"status-publish","4":"has-post-thumbnail","6":"product_cat-documento-trabajo","7":"product_tag-desarrollo-politico","8":"product_tag-partido-democrata-cristiano","9":"product_tag-partidos-politicos","10":"pa_anio-publicacion-1184","11":"pa_autor-ana-maria-portales","13":"first","14":"instock","15":"downloadable","16":"virtual","17":"product-type-simple"},"_links":{"self":[{"href":"https:\/\/flacso.cl\/biblioteca\/wp-json\/wp\/v2\/product\/20110","targetHints":{"allow":["GET"]}}],"collection":[{"href":"https:\/\/flacso.cl\/biblioteca\/wp-json\/wp\/v2\/product"}],"about":[{"href":"https:\/\/flacso.cl\/biblioteca\/wp-json\/wp\/v2\/types\/product"}],"wp:featuredmedia":[{"embeddable":true,"href":"https:\/\/flacso.cl\/biblioteca\/wp-json\/wp\/v2\/media\/19593"}],"wp:attachment":[{"href":"https:\/\/flacso.cl\/biblioteca\/wp-json\/wp\/v2\/media?parent=20110"}],"wp:term":[{"taxonomy":"product_brand","embeddable":true,"href":"https:\/\/flacso.cl\/biblioteca\/wp-json\/wp\/v2\/product_brand?post=20110"},{"taxonomy":"product_cat","embeddable":true,"href":"https:\/\/flacso.cl\/biblioteca\/wp-json\/wp\/v2\/product_cat?post=20110"},{"taxonomy":"product_tag","embeddable":true,"href":"https:\/\/flacso.cl\/biblioteca\/wp-json\/wp\/v2\/product_tag?post=20110"}],"curies":[{"name":"wp","href":"https:\/\/api.w.org\/{rel}","templated":true}]}}