{"id":20195,"date":"2023-01-31T07:29:44","date_gmt":"2023-01-31T10:29:44","guid":{"rendered":"https:\/\/flacso.cl\/biblioteca\/product\/la-modernizacion-de-las-ff-aa-latinoamericanas-y-las-nuevas-formas-de-violencia-politica-de-la-decada-de-los-ochenta-el-caso-de-los-militares-peruanos-frente-a-sendero-luminoso\/"},"modified":"2024-08-07T11:07:24","modified_gmt":"2024-08-07T15:07:24","slug":"la-modernizacion-de-las-ff-aa-latinoamericanas-y-las-nuevas-formas-de-violencia-politica-de-la-decada-de-los-ochenta-el-caso-de-los-militares-peruanos-frente-a-sendero-luminoso","status":"publish","type":"product","link":"https:\/\/flacso.cl\/biblioteca\/product\/la-modernizacion-de-las-ff-aa-latinoamericanas-y-las-nuevas-formas-de-violencia-politica-de-la-decada-de-los-ochenta-el-caso-de-los-militares-peruanos-frente-a-sendero-luminoso\/","title":{"rendered":"La modernizaci\u00f3n de las FF.AA. latinoamericanas y las nuevas formas de violencia pol\u00edtica de la d\u00e9cada de los ochenta: el caso de los militares peruanos frente a Sendero Luminoso"},"content":{"rendered":"<p><strong>Instrucciones de descarga:<\/strong>\u00a0Para descargar esta publicaci\u00f3n, debe ir a la parte de abajo donde se muestra una vista previa del archivo y dar clic en los tres puntos. Al dar clic en los tres puntos se le van a desplegar diferentes opciones y la primera es \u201cDescargar archivo PDF\u201d, el cual le permite guardar el archivo en su computadora.<\/p>\n<div id=\"df_19515\" class=\"_df_book df-lite df-container df-floating df-controls-bottom\" data-title=\"aproximacion-sociologica-al-cambio-de-la-iglesia-catolica-de-santiago\">\n<div id=\"dflip_post_meta_box_shortcode\" class=\"postbox \">\n<div class=\"inside\">\n<div class=\"dflip-tabs normal-tabs\">\n<div id=\"dflip-tab-content-normal\" class=\"dflip-tab-content dflip-active\"><div class=\"_df_book df-lite\" id=\"df_22974\"  _slug=\"la-modernizacion-de-las-ff-aa-latinoamericanas-y-las-nuevas-formas-de-violencia-politica-de-la-decada-de-los-ochenta-el-caso-de-los-militares-peruanos-frente-a-sendero-luminoso\" data-title=\"la-modernizacion-de-las-ff-aa-latinoamericanas-y-las-nuevas-formas-de-violencia-politica-de-la-decada-de-los-ochenta-el-caso-de-los-militares-peruanos-frente-a-sendero-luminoso\" wpoptions=\"true\" thumbtype=\"\" ><\/div><script class=\"df-shortcode-script\" nowprocket type=\"application\/javascript\">window.option_df_22974 = {\"outline\":[],\"autoEnableOutline\":\"false\",\"autoEnableThumbnail\":\"false\",\"overwritePDFOutline\":\"false\",\"direction\":\"1\",\"pageSize\":\"0\",\"source\":\"https:\\\/\\\/flacso.cl\\\/biblioteca\\\/wp-content\\\/uploads\\\/2023\\\/02\\\/000256.pdf\",\"wpOptions\":\"true\"}; if(window.DFLIP && window.DFLIP.parseBooks){window.DFLIP.parseBooks();}<\/script><\/div>\n<\/div>\n<\/div>\n<\/div>\n<\/div>\n","protected":false},"excerpt":{"rendered":"<p>Instrucciones de descarga:\u00a0Para descargar esta publicaci\u00f3n, debe ir a la parte de abajo donde se&hellip;<\/p>\n","protected":false},"featured_media":19593,"template":"","meta":[],"product_brand":[],"product_cat":[232],"product_tag":[260,639],"class_list":{"0":"post-20195","1":"product","2":"type-product","3":"status-publish","4":"has-post-thumbnail","6":"product_cat-documento-trabajo","7":"product_tag-fuerzas-armadas","8":"product_tag-violencia","9":"pa_anio-publicacion-1244","10":"pa_autor-fernando-bustamante","12":"first","13":"instock","14":"downloadable","15":"virtual","16":"product-type-simple"},"_links":{"self":[{"href":"https:\/\/flacso.cl\/biblioteca\/wp-json\/wp\/v2\/product\/20195","targetHints":{"allow":["GET"]}}],"collection":[{"href":"https:\/\/flacso.cl\/biblioteca\/wp-json\/wp\/v2\/product"}],"about":[{"href":"https:\/\/flacso.cl\/biblioteca\/wp-json\/wp\/v2\/types\/product"}],"wp:featuredmedia":[{"embeddable":true,"href":"https:\/\/flacso.cl\/biblioteca\/wp-json\/wp\/v2\/media\/19593"}],"wp:attachment":[{"href":"https:\/\/flacso.cl\/biblioteca\/wp-json\/wp\/v2\/media?parent=20195"}],"wp:term":[{"taxonomy":"product_brand","embeddable":true,"href":"https:\/\/flacso.cl\/biblioteca\/wp-json\/wp\/v2\/product_brand?post=20195"},{"taxonomy":"product_cat","embeddable":true,"href":"https:\/\/flacso.cl\/biblioteca\/wp-json\/wp\/v2\/product_cat?post=20195"},{"taxonomy":"product_tag","embeddable":true,"href":"https:\/\/flacso.cl\/biblioteca\/wp-json\/wp\/v2\/product_tag?post=20195"}],"curies":[{"name":"wp","href":"https:\/\/api.w.org\/{rel}","templated":true}]}}