{"id":20381,"date":"2023-01-31T07:30:11","date_gmt":"2023-01-31T10:30:11","guid":{"rendered":"https:\/\/flacso.cl\/biblioteca\/product\/cambios-globales-y-america-latina-algunos-temas-de-la-transicion-estrategica\/"},"modified":"2024-08-22T15:48:45","modified_gmt":"2024-08-22T19:48:45","slug":"cambios-globales-y-america-latina-algunos-temas-de-la-transicion-estrategica","status":"publish","type":"product","link":"https:\/\/flacso.cl\/biblioteca\/product\/cambios-globales-y-america-latina-algunos-temas-de-la-transicion-estrategica\/","title":{"rendered":"Cambios globales y Am\u00e9rica Latina. Algunos temas de la transici\u00f3n estrat\u00e9gica"},"content":{"rendered":"<p><strong>Instrucciones de descarga:<\/strong>\u00a0Para descargar esta publicaci\u00f3n, debe ir a la parte de abajo donde se muestra una vista previa del archivo y dar clic en los tres puntos. Al dar clic en los tres puntos se le van a desplegar diferentes opciones y la primera es \u201cDescargar archivo PDF\u201d, el cual le permite guardar el archivo en su computadora.<\/p>\n<div id=\"df_19515\" class=\"_df_book df-lite df-container df-floating df-controls-bottom\" data-title=\"aproximacion-sociologica-al-cambio-de-la-iglesia-catolica-de-santiago\">\n<div id=\"dflip_post_meta_box_shortcode\" class=\"postbox \">\n<div class=\"inside\">\n<div class=\"dflip-tabs normal-tabs\">\n<div id=\"dflip-tab-content-normal\" class=\"dflip-tab-content dflip-active\">\n<div class=\"_df_book df-lite\" id=\"df_24819\"  _slug=\"cambios-globales-y-america-latina-algunos-temas-de-la-transicion-estrategica\" data-title=\"cambios-globales-y-america-latina-algunos-temas-de-la-transicion-estrategica\" wpoptions=\"true\" thumbtype=\"\" ><\/div><script class=\"df-shortcode-script\" nowprocket type=\"application\/javascript\">window.option_df_24819 = {\"outline\":[],\"autoEnableOutline\":\"false\",\"autoEnableThumbnail\":\"false\",\"overwritePDFOutline\":\"false\",\"direction\":\"1\",\"pageSize\":\"0\",\"source\":\"https:\\\/\\\/flacso.cl\\\/biblioteca\\\/wp-content\\\/uploads\\\/2023\\\/04\\\/000688.pdf\",\"wpOptions\":\"true\"}; if(window.DFLIP && window.DFLIP.parseBooks){window.DFLIP.parseBooks();}<\/script>\n<\/div>\n<\/div>\n<\/div>\n<\/div>\n<\/div>\n","protected":false},"excerpt":{"rendered":"<p>Instrucciones de descarga:\u00a0Para descargar esta publicaci\u00f3n, debe ir a la parte de abajo donde se&hellip;<\/p>\n","protected":false},"featured_media":26493,"template":"","meta":[],"product_brand":[],"product_cat":[187],"product_tag":[296,717,441],"class_list":{"0":"post-20381","1":"product","2":"type-product","3":"status-publish","4":"has-post-thumbnail","6":"product_cat-libro","7":"product_tag-america-latina","8":"product_tag-cambios-globales","9":"product_tag-transicion","10":"pa_anio-publicacion-246","11":"pa_autor-alcides-costa-vaz","12":"pa_autor-alejandro-d-wolff","13":"pa_autor-david-r-mares","14":"pa_autor-edgardo-mercado-jarrin","15":"pa_autor-gladys-lechini-de-alvarez","16":"pa_autor-gustavo-druetta","17":"pa_autor-luis-tibiletti","18":"pa_autor-thomaz-guedes-da-costa","19":"pa_isbn-956-211-022-1","21":"first","22":"instock","23":"downloadable","24":"virtual","25":"product-type-simple"},"_links":{"self":[{"href":"https:\/\/flacso.cl\/biblioteca\/wp-json\/wp\/v2\/product\/20381","targetHints":{"allow":["GET"]}}],"collection":[{"href":"https:\/\/flacso.cl\/biblioteca\/wp-json\/wp\/v2\/product"}],"about":[{"href":"https:\/\/flacso.cl\/biblioteca\/wp-json\/wp\/v2\/types\/product"}],"wp:featuredmedia":[{"embeddable":true,"href":"https:\/\/flacso.cl\/biblioteca\/wp-json\/wp\/v2\/media\/26493"}],"wp:attachment":[{"href":"https:\/\/flacso.cl\/biblioteca\/wp-json\/wp\/v2\/media?parent=20381"}],"wp:term":[{"taxonomy":"product_brand","embeddable":true,"href":"https:\/\/flacso.cl\/biblioteca\/wp-json\/wp\/v2\/product_brand?post=20381"},{"taxonomy":"product_cat","embeddable":true,"href":"https:\/\/flacso.cl\/biblioteca\/wp-json\/wp\/v2\/product_cat?post=20381"},{"taxonomy":"product_tag","embeddable":true,"href":"https:\/\/flacso.cl\/biblioteca\/wp-json\/wp\/v2\/product_tag?post=20381"}],"curies":[{"name":"wp","href":"https:\/\/api.w.org\/{rel}","templated":true}]}}