{"id":20477,"date":"2023-01-31T07:30:25","date_gmt":"2023-01-31T10:30:25","guid":{"rendered":"https:\/\/flacso.cl\/biblioteca\/product\/en-busqueda-de-visibilidad-la-condicion-juvenil-en-america-latina-y-el-caribe\/"},"modified":"2024-08-26T16:30:27","modified_gmt":"2024-08-26T20:30:27","slug":"en-busqueda-de-visibilidad-la-condicion-juvenil-en-america-latina-y-el-caribe","status":"publish","type":"product","link":"https:\/\/flacso.cl\/biblioteca\/product\/en-busqueda-de-visibilidad-la-condicion-juvenil-en-america-latina-y-el-caribe\/","title":{"rendered":"En b\u00fasqueda de visibilidad: la condici\u00f3n juvenil en Am\u00e9rica Latina y el Caribe"},"content":{"rendered":"<p><strong>Instrucciones de descarga:<\/strong>\u00a0Para descargar esta publicaci\u00f3n, debe ir a la parte de abajo donde se muestra una vista previa del archivo y dar clic en los tres puntos. Al dar clic en los tres puntos se le van a desplegar diferentes opciones y la primera es \u201cDescargar archivo PDF\u201d, el cual le permite guardar el archivo en su computadora.<\/p>\n<div id=\"df_19515\" class=\"_df_book df-lite df-container df-floating df-controls-bottom\" data-title=\"aproximacion-sociologica-al-cambio-de-la-iglesia-catolica-de-santiago\">\n<div id=\"dflip_post_meta_box_shortcode\" class=\"postbox \">\n<div class=\"inside\">\n<div class=\"dflip-tabs normal-tabs\">\n<div id=\"dflip-tab-content-normal\" class=\"dflip-tab-content dflip-active\"><div class=\"_df_book df-lite\" id=\"df_26544\"  _slug=\"en-busqueda-de-visibilidad-la-condicion-juvenil-en-america-latina-y-el-caribe\" data-title=\"en-busqueda-de-visibilidad-la-condicion-juvenil-en-america-latina-y-el-caribe\" wpoptions=\"true\" thumbtype=\"\" ><\/div><script class=\"df-shortcode-script\" nowprocket type=\"application\/javascript\">window.option_df_26544 = {\"outline\":[],\"autoEnableOutline\":\"false\",\"autoEnableThumbnail\":\"false\",\"overwritePDFOutline\":\"false\",\"direction\":\"1\",\"pageSize\":\"0\",\"source\":\"https:\\\/\\\/flacso.cl\\\/biblioteca\\\/wp-content\\\/uploads\\\/2024\\\/08\\\/En-busqueda-de-visibilidad.-La-condicion-juvenil-en-America-Latina-y-el-Caribe.pdf\",\"wpOptions\":\"true\"}; if(window.DFLIP && window.DFLIP.parseBooks){window.DFLIP.parseBooks();}<\/script><\/div>\n<\/div>\n<\/div>\n<\/div>\n<\/div>\n","protected":false},"excerpt":{"rendered":"<p>Instrucciones de descarga:\u00a0Para descargar esta publicaci\u00f3n, debe ir a la parte de abajo donde se&hellip;<\/p>\n","protected":false},"featured_media":26548,"template":"","meta":[],"product_brand":[],"product_cat":[187],"product_tag":[296,755,895,2455,994,776,2437,515,2291,772,639,461],"class_list":{"0":"post-20477","1":"product","2":"type-product","3":"status-publish","4":"has-post-thumbnail","6":"product_cat-libro","7":"product_tag-america-latina","8":"product_tag-caribe","9":"product_tag-condiciones-sociales","10":"product_tag-inclusion-social","11":"product_tag-jovenes","12":"product_tag-migracion","13":"product_tag-politica-publica","14":"product_tag-salud","15":"product_tag-sexualidad","16":"product_tag-trabajo","17":"product_tag-violencia","18":"product_tag-vivienda","19":"pa_anio-publicacion-1391","20":"pa_autor-eddy-tejeda","21":"pa_autor-vania-reis","23":"first","24":"instock","25":"downloadable","26":"virtual","27":"product-type-simple"},"_links":{"self":[{"href":"https:\/\/flacso.cl\/biblioteca\/wp-json\/wp\/v2\/product\/20477","targetHints":{"allow":["GET"]}}],"collection":[{"href":"https:\/\/flacso.cl\/biblioteca\/wp-json\/wp\/v2\/product"}],"about":[{"href":"https:\/\/flacso.cl\/biblioteca\/wp-json\/wp\/v2\/types\/product"}],"wp:featuredmedia":[{"embeddable":true,"href":"https:\/\/flacso.cl\/biblioteca\/wp-json\/wp\/v2\/media\/26548"}],"wp:attachment":[{"href":"https:\/\/flacso.cl\/biblioteca\/wp-json\/wp\/v2\/media?parent=20477"}],"wp:term":[{"taxonomy":"product_brand","embeddable":true,"href":"https:\/\/flacso.cl\/biblioteca\/wp-json\/wp\/v2\/product_brand?post=20477"},{"taxonomy":"product_cat","embeddable":true,"href":"https:\/\/flacso.cl\/biblioteca\/wp-json\/wp\/v2\/product_cat?post=20477"},{"taxonomy":"product_tag","embeddable":true,"href":"https:\/\/flacso.cl\/biblioteca\/wp-json\/wp\/v2\/product_tag?post=20477"}],"curies":[{"name":"wp","href":"https:\/\/api.w.org\/{rel}","templated":true}]}}