{"id":20535,"date":"2023-01-31T07:30:33","date_gmt":"2023-01-31T10:30:33","guid":{"rendered":"https:\/\/flacso.cl\/biblioteca\/product\/dinamicas-politicas-sobre-aborto-en-latinoamerica-estudio-de-casos\/"},"modified":"2024-09-03T11:25:16","modified_gmt":"2024-09-03T15:25:16","slug":"dinamicas-politicas-sobre-aborto-en-latinoamerica-estudio-de-casos","status":"publish","type":"product","link":"https:\/\/flacso.cl\/biblioteca\/product\/dinamicas-politicas-sobre-aborto-en-latinoamerica-estudio-de-casos\/","title":{"rendered":"Din\u00e1micas pol\u00edticas sobre aborto en Latinoam\u00e9rica: estudio de casos"},"content":{"rendered":"<p><strong>Instrucciones de descarga:<\/strong>\u00a0Para descargar esta publicaci\u00f3n, debe ir a la parte de abajo donde se muestra una vista previa del archivo y dar clic en los tres puntos. Al dar clic en los tres puntos se le van a desplegar diferentes opciones y la primera es \u201cDescargar archivo PDF\u201d, el cual le permite guardar el archivo en su computadora.<\/p>\n<div id=\"df_19515\" class=\"_df_book df-lite df-container df-floating df-controls-bottom\" data-title=\"aproximacion-sociologica-al-cambio-de-la-iglesia-catolica-de-santiago\">\n<div id=\"dflip_post_meta_box_shortcode\" class=\"postbox \">\n<div class=\"inside\">\n<div class=\"dflip-tabs normal-tabs\">\n<div id=\"dflip-tab-content-normal\" class=\"dflip-tab-content dflip-active\"><div class=\"_df_book df-lite\" id=\"df_26675\"  _slug=\"dinamicas-politicas-sobre-aborto-en-latinoamerica-estudio-de-casos\" data-title=\"dinamicas-politicas-sobre-aborto-en-latinoamerica-estudio-de-casos\" wpoptions=\"true\" thumbtype=\"\" ><\/div><script class=\"df-shortcode-script\" nowprocket type=\"application\/javascript\">window.option_df_26675 = {\"outline\":[],\"autoEnableOutline\":\"false\",\"autoEnableThumbnail\":\"false\",\"overwritePDFOutline\":\"false\",\"direction\":\"1\",\"pageSize\":\"0\",\"source\":\"https:\\\/\\\/flacso.cl\\\/biblioteca\\\/wp-content\\\/uploads\\\/2024\\\/09\\\/Dinamicas-politicas-sobre-aborto-en-Latinoamerica.-Estudio-de-Casos.pdf\",\"wpOptions\":\"true\"}; if(window.DFLIP && window.DFLIP.parseBooks){window.DFLIP.parseBooks();}<\/script><\/div>\n<\/div>\n<\/div>\n<\/div>\n<\/div>\n","protected":false},"excerpt":{"rendered":"<p>Instrucciones de descarga:\u00a0Para descargar esta publicaci\u00f3n, debe ir a la parte de abajo donde se&hellip;<\/p>\n","protected":false},"featured_media":26679,"template":"","meta":[],"product_brand":[],"product_cat":[187],"product_tag":[749,296,2549,802,594,487],"class_list":{"0":"post-20535","1":"product","2":"type-product","3":"status-publish","4":"has-post-thumbnail","6":"product_cat-libro","7":"product_tag-aborto","8":"product_tag-america-latina","9":"product_tag-debate-publico","10":"product_tag-derechos-sexuales-y-reproductivos","11":"product_tag-legislacion","12":"product_tag-politica-de-salud","13":"pa_anio-publicacion-1445","14":"pa_autor-adriana-peimbert","15":"pa_autor-carmengloria-lopez","16":"pa_autor-claudia-diaz","17":"pa_autor-claudia-dides","18":"pa_autor-graciela-marsal","19":"pa_autor-isabel-saez","20":"pa_autor-jaris-mujica","21":"pa_autor-m-cristina-benavente","22":"pa_autor-macarena-machin","23":"pa_autor-maria-ignacia-castellon","24":"pa_autor-pablo-valencia","25":"pa_autor-ramiro-molina","26":"pa_autor-talia-negrao","27":"pa_editor-compilador-claudia-dides","28":"pa_editor-compilador-isabel-saez","29":"pa_editor-compilador-m-cristina-benavente","30":"pa_isbn-978-956-205-249-8","32":"first","33":"instock","34":"downloadable","35":"virtual","36":"product-type-simple"},"_links":{"self":[{"href":"https:\/\/flacso.cl\/biblioteca\/wp-json\/wp\/v2\/product\/20535","targetHints":{"allow":["GET"]}}],"collection":[{"href":"https:\/\/flacso.cl\/biblioteca\/wp-json\/wp\/v2\/product"}],"about":[{"href":"https:\/\/flacso.cl\/biblioteca\/wp-json\/wp\/v2\/types\/product"}],"wp:featuredmedia":[{"embeddable":true,"href":"https:\/\/flacso.cl\/biblioteca\/wp-json\/wp\/v2\/media\/26679"}],"wp:attachment":[{"href":"https:\/\/flacso.cl\/biblioteca\/wp-json\/wp\/v2\/media?parent=20535"}],"wp:term":[{"taxonomy":"product_brand","embeddable":true,"href":"https:\/\/flacso.cl\/biblioteca\/wp-json\/wp\/v2\/product_brand?post=20535"},{"taxonomy":"product_cat","embeddable":true,"href":"https:\/\/flacso.cl\/biblioteca\/wp-json\/wp\/v2\/product_cat?post=20535"},{"taxonomy":"product_tag","embeddable":true,"href":"https:\/\/flacso.cl\/biblioteca\/wp-json\/wp\/v2\/product_tag?post=20535"}],"curies":[{"name":"wp","href":"https:\/\/api.w.org\/{rel}","templated":true}]}}