{"id":20548,"date":"2023-01-31T07:30:35","date_gmt":"2023-01-31T10:30:35","guid":{"rendered":"https:\/\/flacso.cl\/biblioteca\/product\/la-construccion-social-de-las-demencias-en-las-personas-mayores-de-la-region-metropolitana-chile\/"},"modified":"2025-01-15T12:06:56","modified_gmt":"2025-01-15T15:06:56","slug":"la-construccion-social-de-las-demencias-en-las-personas-mayores-de-la-region-metropolitana-chile","status":"publish","type":"product","link":"https:\/\/flacso.cl\/biblioteca\/product\/la-construccion-social-de-las-demencias-en-las-personas-mayores-de-la-region-metropolitana-chile\/","title":{"rendered":"La construcci\u00f3n social de las demencias en las personas mayores de la Regi\u00f3n Metropolitana, Chile. Investigaci\u00f3n cualitativa en vejez y envejecimiento"},"content":{"rendered":"<p><strong>Instrucciones de descarga:<\/strong>\u00a0Para descargar esta publicaci\u00f3n, debe ir a la parte de abajo donde se muestra una vista previa del archivo y dar clic en los tres puntos. Al dar clic en los tres puntos se le van a desplegar diferentes opciones y la primera es \u201cDescargar archivo PDF\u201d, el cual le permite guardar el archivo en su computadora.<\/p>\n<div id=\"df_19515\" class=\"_df_book df-lite df-container df-floating df-controls-bottom\" data-title=\"aproximacion-sociologica-al-cambio-de-la-iglesia-catolica-de-santiago\">\n<div id=\"dflip_post_meta_box_shortcode\" class=\"postbox \">\n<div class=\"inside\">\n<div class=\"dflip-tabs normal-tabs\">\n<div id=\"dflip-tab-content-normal\" class=\"dflip-tab-content dflip-active\">\n<div class=\"_df_book df-lite\" id=\"df_24978\"  _slug=\"la-construccion-social-de-las-demencias-en-las-personas-mayores-de-la-region-metropolitana-chile\" data-title=\"la-construccion-social-de-las-demencias-en-las-personas-mayores-de-la-region-metropolitana-chile\" wpoptions=\"true\" thumbtype=\"\" ><\/div><script class=\"df-shortcode-script\" nowprocket type=\"application\/javascript\">window.option_df_24978 = {\"outline\":[],\"autoEnableOutline\":\"false\",\"autoEnableThumbnail\":\"false\",\"overwritePDFOutline\":\"false\",\"direction\":\"1\",\"pageSize\":\"0\",\"source\":\"https:\\\/\\\/flacso.cl\\\/biblioteca\\\/wp-content\\\/uploads\\\/2023\\\/04\\\/Libro_Construccion_Social_de_las_Demencias_en_las_personas_mayores.pdf\",\"wpOptions\":\"true\"}; if(window.DFLIP && window.DFLIP.parseBooks){window.DFLIP.parseBooks();}<\/script>\n<\/div>\n<\/div>\n<\/div>\n<\/div>\n<\/div>\n","protected":false},"excerpt":{"rendered":"<p>Instrucciones de descarga:\u00a0Para descargar esta publicaci\u00f3n, debe ir a la parte de abajo donde se&hellip;<\/p>\n","protected":false},"featured_media":26739,"template":"","meta":[],"product_brand":[],"product_cat":[187],"product_tag":[256,2702,2703,2704,934,2013,778],"class_list":{"0":"post-20548","1":"product","2":"type-product","3":"status-publish","4":"has-post-thumbnail","6":"product_cat-libro","7":"product_tag-chile","8":"product_tag-demencias","9":"product_tag-deterioro-cognitivo","10":"product_tag-investigacion-cualitativa","11":"product_tag-personas-mayores","12":"product_tag-region-metropolitana","13":"product_tag-vejez","14":"pa_anio-publicacion-221","15":"pa_autor-alberto-larrain","16":"pa_autor-andrea-slachevsky","17":"pa_autor-gabriel-guajardo","18":"pa_autor-hugo-sir","19":"pa_autor-josefina-correa","20":"pa_autor-maria-emilia-tijoux","21":"pa_autor-maria-teresa-abusleme","22":"pa_autor-nilton-custodio","23":"pa_autor-pamela-soto","24":"pa_autor-rodrigo-lagos","25":"pa_editor-compilador-gabriel-guajardo","26":"pa_editor-compilador-maria-emilia-tijoux","27":"pa_editor-compilador-maria-teresa-abusleme","28":"pa_isbn-978-956-8846-07-7","30":"first","31":"instock","32":"downloadable","33":"virtual","34":"product-type-simple"},"_links":{"self":[{"href":"https:\/\/flacso.cl\/biblioteca\/wp-json\/wp\/v2\/product\/20548","targetHints":{"allow":["GET"]}}],"collection":[{"href":"https:\/\/flacso.cl\/biblioteca\/wp-json\/wp\/v2\/product"}],"about":[{"href":"https:\/\/flacso.cl\/biblioteca\/wp-json\/wp\/v2\/types\/product"}],"wp:featuredmedia":[{"embeddable":true,"href":"https:\/\/flacso.cl\/biblioteca\/wp-json\/wp\/v2\/media\/26739"}],"wp:attachment":[{"href":"https:\/\/flacso.cl\/biblioteca\/wp-json\/wp\/v2\/media?parent=20548"}],"wp:term":[{"taxonomy":"product_brand","embeddable":true,"href":"https:\/\/flacso.cl\/biblioteca\/wp-json\/wp\/v2\/product_brand?post=20548"},{"taxonomy":"product_cat","embeddable":true,"href":"https:\/\/flacso.cl\/biblioteca\/wp-json\/wp\/v2\/product_cat?post=20548"},{"taxonomy":"product_tag","embeddable":true,"href":"https:\/\/flacso.cl\/biblioteca\/wp-json\/wp\/v2\/product_tag?post=20548"}],"curies":[{"name":"wp","href":"https:\/\/api.w.org\/{rel}","templated":true}]}}