{"id":20550,"date":"2023-01-31T07:30:35","date_gmt":"2023-01-31T10:30:35","guid":{"rendered":"https:\/\/flacso.cl\/biblioteca\/product\/protestar-es-de-buena-educacion-organica-demandas-e-ideologia-del-movimiento-estudiantil\/"},"modified":"2024-09-11T16:15:24","modified_gmt":"2024-09-11T19:15:24","slug":"protestar-es-de-buena-educacion-organica-demandas-e-ideologia-del-movimiento-estudiantil","status":"publish","type":"product","link":"https:\/\/flacso.cl\/biblioteca\/product\/protestar-es-de-buena-educacion-organica-demandas-e-ideologia-del-movimiento-estudiantil\/","title":{"rendered":"Protestar es de Buena Educaci\u00f3n: org\u00e1nica, demandas e ideolog\u00eda del Movimiento Estudiantil chileno"},"content":{"rendered":"<p><strong>Instrucciones de descarga:<\/strong>\u00a0Para descargar esta publicaci\u00f3n, debe ir a la parte de abajo donde se muestra una vista previa del archivo y dar clic en los tres puntos. Al dar clic en los tres puntos se le van a desplegar diferentes opciones y la primera es \u201cDescargar archivo PDF\u201d, el cual le permite guardar el archivo en su computadora.<\/p>\n<div id=\"df_19515\" class=\"_df_book df-lite df-container df-floating df-controls-bottom\" data-title=\"aproximacion-sociologica-al-cambio-de-la-iglesia-catolica-de-santiago\">\n<div id=\"dflip_post_meta_box_shortcode\" class=\"postbox \">\n<div class=\"inside\">\n<div class=\"dflip-tabs normal-tabs\">\n<div id=\"dflip-tab-content-normal\" class=\"dflip-tab-content dflip-active\">\n<div class=\"_df_book df-lite\" id=\"df_24980\"  _slug=\"protestar-es-de-buena-educacion-organica-demandas-e-ideologia-del-movimiento-estudiantil\" data-title=\"protestar-es-de-buena-educacion-organica-demandas-e-ideologia-del-movimiento-estudiantil\" wpoptions=\"true\" thumbtype=\"\" ><\/div><script class=\"df-shortcode-script\" nowprocket type=\"application\/javascript\">window.option_df_24980 = {\"outline\":[],\"autoEnableOutline\":\"false\",\"autoEnableThumbnail\":\"false\",\"overwritePDFOutline\":\"false\",\"direction\":\"1\",\"pageSize\":\"0\",\"source\":\"https:\\\/\\\/flacso.cl\\\/biblioteca\\\/wp-content\\\/uploads\\\/2023\\\/04\\\/Libro_Protestar_es_de_buena_Educacion.pdf\",\"wpOptions\":\"true\"}; if(window.DFLIP && window.DFLIP.parseBooks){window.DFLIP.parseBooks();}<\/script>\n<\/div>\n<\/div>\n<\/div>\n<\/div>\n<\/div>\n","protected":false},"excerpt":{"rendered":"<p>Instrucciones de descarga:\u00a0Para descargar esta publicaci\u00f3n, debe ir a la parte de abajo donde se&hellip;<\/p>\n","protected":false},"featured_media":26746,"template":"","meta":[],"product_brand":[],"product_cat":[187],"product_tag":[298,786,345],"class_list":{"0":"post-20550","1":"product","2":"type-product","3":"status-publish","4":"has-post-thumbnail","6":"product_cat-libro","7":"product_tag-educacion","8":"product_tag-movimiento-estudiantil","9":"product_tag-movimientos-sociales","10":"pa_anio-publicacion-222","11":"pa_autor-alejandro-siebert","12":"pa_autor-amanda-rutllant","13":"pa_autor-lucia-miranda","14":"pa_editor-compilador-lucia-miranda","15":"pa_isbn-978-956-205-258-0","17":"first","18":"instock","19":"downloadable","20":"virtual","21":"product-type-simple"},"_links":{"self":[{"href":"https:\/\/flacso.cl\/biblioteca\/wp-json\/wp\/v2\/product\/20550","targetHints":{"allow":["GET"]}}],"collection":[{"href":"https:\/\/flacso.cl\/biblioteca\/wp-json\/wp\/v2\/product"}],"about":[{"href":"https:\/\/flacso.cl\/biblioteca\/wp-json\/wp\/v2\/types\/product"}],"wp:featuredmedia":[{"embeddable":true,"href":"https:\/\/flacso.cl\/biblioteca\/wp-json\/wp\/v2\/media\/26746"}],"wp:attachment":[{"href":"https:\/\/flacso.cl\/biblioteca\/wp-json\/wp\/v2\/media?parent=20550"}],"wp:term":[{"taxonomy":"product_brand","embeddable":true,"href":"https:\/\/flacso.cl\/biblioteca\/wp-json\/wp\/v2\/product_brand?post=20550"},{"taxonomy":"product_cat","embeddable":true,"href":"https:\/\/flacso.cl\/biblioteca\/wp-json\/wp\/v2\/product_cat?post=20550"},{"taxonomy":"product_tag","embeddable":true,"href":"https:\/\/flacso.cl\/biblioteca\/wp-json\/wp\/v2\/product_tag?post=20550"}],"curies":[{"name":"wp","href":"https:\/\/api.w.org\/{rel}","templated":true}]}}