{"id":20576,"date":"2023-01-31T07:30:37","date_gmt":"2023-01-31T10:30:37","guid":{"rendered":"https:\/\/flacso.cl\/biblioteca\/product\/ninez-y-genero-claves-de-comprension-y-accion\/"},"modified":"2024-08-30T12:45:21","modified_gmt":"2024-08-30T16:45:21","slug":"ninez-y-genero-claves-de-comprension-y-accion","status":"publish","type":"product","link":"https:\/\/flacso.cl\/biblioteca\/product\/ninez-y-genero-claves-de-comprension-y-accion\/","title":{"rendered":"Ni\u00f1ez y G\u00e9nero: claves de comprensi\u00f3n y acci\u00f3n"},"content":{"rendered":"<p><strong>Instrucciones de descarga:<\/strong>\u00a0Para descargar esta publicaci\u00f3n, debe ir a la parte de abajo donde se muestra una vista previa del archivo y dar clic en los tres puntos. Al dar clic en los tres puntos se le van a desplegar diferentes opciones y la primera es \u201cDescargar archivo PDF\u201d, el cual le permite guardar el archivo en su computadora.<\/p>\n<div id=\"df_19515\" class=\"_df_book df-lite df-container df-floating df-controls-bottom\" data-title=\"aproximacion-sociologica-al-cambio-de-la-iglesia-catolica-de-santiago\">\n<div id=\"dflip_post_meta_box_shortcode\" class=\"postbox \">\n<div class=\"inside\">\n<div class=\"dflip-tabs normal-tabs\">\n<div id=\"dflip-tab-content-normal\" class=\"dflip-tab-content dflip-active\">\n<div class=\"_df_book df-lite\" id=\"df_25202\"  _slug=\"ninez-y-genero-claves-de-comprension-y-accion\" data-title=\"ninez-y-genero-claves-de-comprension-y-accion\" wpoptions=\"true\" thumbtype=\"\" ><\/div><script class=\"df-shortcode-script\" nowprocket type=\"application\/javascript\">window.option_df_25202 = {\"outline\":[],\"autoEnableOutline\":\"false\",\"autoEnableThumbnail\":\"false\",\"overwritePDFOutline\":\"false\",\"direction\":\"1\",\"pageSize\":\"0\",\"source\":\"https:\\\/\\\/flacso.cl\\\/biblioteca\\\/wp-content\\\/uploads\\\/2023\\\/04\\\/Libro_Ninez_y_Genero.pdf\",\"wpOptions\":\"true\"}; if(window.DFLIP && window.DFLIP.parseBooks){window.DFLIP.parseBooks();}<\/script>\n<\/div>\n<\/div>\n<\/div>\n<\/div>\n<\/div>\n","protected":false},"excerpt":{"rendered":"<p>Instrucciones de descarga:\u00a0Para descargar esta publicaci\u00f3n, debe ir a la parte de abajo donde se&hellip;<\/p>\n","protected":false},"featured_media":26671,"template":"","meta":[],"product_brand":[],"product_cat":[187],"product_tag":[290,612,813,402],"class_list":{"0":"post-20576","1":"product","2":"type-product","3":"status-publish","4":"has-post-thumbnail","6":"product_cat-libro","7":"product_tag-genero","8":"product_tag-infancia","9":"product_tag-ninez","10":"product_tag-politicas-publicas","11":"pa_anio-publicacion-1532","12":"pa_autor-cecilia-perez","13":"pa_autor-ester-valenzuela","14":"pa_autor-gabriel-guajardo","15":"pa_autor-gladys-acosta","16":"pa_autor-javiera-sanchez","17":"pa_autor-jorge-fernandez","18":"pa_autor-jose-carlos-cervantes","19":"pa_autor-jose-olavarria","20":"pa_autor-katya-morales","21":"pa_autor-maricruz-gomez-de-la-torre","22":"pa_autor-pamela-soto","23":"pa_autor-romina-becerra","24":"pa_autor-soledad-larrain","25":"pa_autor-stephanie-otth","26":"pa_autor-teresita-fuentealba","27":"pa_editor-compilador-gabriel-guajardo","28":"pa_editor-compilador-soledad-larrain","29":"pa_isbn-978-956-205-274-0","31":"first","32":"instock","33":"downloadable","34":"virtual","35":"product-type-simple"},"_links":{"self":[{"href":"https:\/\/flacso.cl\/biblioteca\/wp-json\/wp\/v2\/product\/20576","targetHints":{"allow":["GET"]}}],"collection":[{"href":"https:\/\/flacso.cl\/biblioteca\/wp-json\/wp\/v2\/product"}],"about":[{"href":"https:\/\/flacso.cl\/biblioteca\/wp-json\/wp\/v2\/types\/product"}],"wp:featuredmedia":[{"embeddable":true,"href":"https:\/\/flacso.cl\/biblioteca\/wp-json\/wp\/v2\/media\/26671"}],"wp:attachment":[{"href":"https:\/\/flacso.cl\/biblioteca\/wp-json\/wp\/v2\/media?parent=20576"}],"wp:term":[{"taxonomy":"product_brand","embeddable":true,"href":"https:\/\/flacso.cl\/biblioteca\/wp-json\/wp\/v2\/product_brand?post=20576"},{"taxonomy":"product_cat","embeddable":true,"href":"https:\/\/flacso.cl\/biblioteca\/wp-json\/wp\/v2\/product_cat?post=20576"},{"taxonomy":"product_tag","embeddable":true,"href":"https:\/\/flacso.cl\/biblioteca\/wp-json\/wp\/v2\/product_tag?post=20576"}],"curies":[{"name":"wp","href":"https:\/\/api.w.org\/{rel}","templated":true}]}}