{"id":20688,"date":"2023-01-31T07:30:51","date_gmt":"2023-01-31T10:30:51","guid":{"rendered":"https:\/\/flacso.cl\/biblioteca\/product\/publicaciones-e-informes-de-coyuntura-el-conflicto-centroamericano-en-la-vision-de-los-medios-de-comunicacion-escritos-de-la-union-sovietica-julio-1984-julio-1985\/"},"modified":"2025-01-13T12:41:51","modified_gmt":"2025-01-13T15:41:51","slug":"informe-de-coyuntura-el-conflicto-centroamericano-en-la-vision-de-los-medios-de-comunicacion-escritos-de-union-sovietica-julio-1984-julio-1985","status":"publish","type":"product","link":"https:\/\/flacso.cl\/biblioteca\/product\/informe-de-coyuntura-el-conflicto-centroamericano-en-la-vision-de-los-medios-de-comunicacion-escritos-de-union-sovietica-julio-1984-julio-1985\/","title":{"rendered":"Informe de coyuntura: El conflicto centroamericano en la visi\u00f3n de los medios de comunicaci\u00f3n escritos de Uni\u00f3n Sovi\u00e9tica (julio 1984-julio 1985)"},"content":{"rendered":"<p><strong>Instrucciones de descarga:<\/strong>\u00a0Para descargar esta publicaci\u00f3n, debe ir a la parte de abajo donde se muestra una vista previa del archivo y dar clic en los tres puntos. Al dar clic en los tres puntos se le van a desplegar diferentes opciones y la primera es \u201cDescargar archivo PDF\u201d, el cual le permite guardar el archivo en su computadora.<\/p>\n<div id=\"df_19515\" class=\"_df_book df-lite df-container df-floating df-controls-bottom\" data-title=\"aproximacion-sociologica-al-cambio-de-la-iglesia-catolica-de-santiago\">\n<div id=\"dflip_post_meta_box_shortcode\" class=\"postbox \">\n<div class=\"inside\">\n<div class=\"dflip-tabs normal-tabs\">\n<div id=\"dflip-tab-content-normal\" class=\"dflip-tab-content dflip-active\">\n<div class=\"_df_book df-lite\" id=\"df_24529\"  _slug=\"publicaciones-e-informes-de-coyuntura-el-conflicto-centroamericano-en-la-vision-de-los-medios-de-comunicacion-escritos-de-la-union-sovietica-julio-1984-julio-1985\" data-title=\"publicaciones-e-informes-de-coyuntura-el-conflicto-centroamericano-en-la-vision-de-los-medios-de-comunicacion-escritos-de-la-union-sovietica-julio-1984-julio-1985\" wpoptions=\"true\" thumbtype=\"\" ><\/div><script class=\"df-shortcode-script\" nowprocket type=\"application\/javascript\">window.option_df_24529 = {\"outline\":[],\"autoEnableOutline\":\"false\",\"autoEnableThumbnail\":\"false\",\"overwritePDFOutline\":\"false\",\"direction\":\"1\",\"pageSize\":\"0\",\"source\":\"https:\\\/\\\/flacso.cl\\\/biblioteca\\\/wp-content\\\/uploads\\\/2023\\\/03\\\/000954.pdf\",\"wpOptions\":\"true\"}; if(window.DFLIP && window.DFLIP.parseBooks){window.DFLIP.parseBooks();}<\/script>\n<\/div>\n<\/div>\n<\/div>\n<\/div>\n<\/div>\n","protected":false},"excerpt":{"rendered":"<p>Instrucciones de descarga:\u00a0Para descargar esta publicaci\u00f3n, debe ir a la parte de abajo donde se&hellip;<\/p>\n","protected":false},"featured_media":19593,"template":"","meta":[],"product_brand":[],"product_cat":[232],"product_tag":[450,475,412],"class_list":{"0":"post-20688","1":"product","2":"type-product","3":"status-publish","4":"has-post-thumbnail","6":"product_cat-documento-trabajo","7":"product_tag-america-central","8":"product_tag-conflictos-internacionales","9":"product_tag-urss","10":"pa_anio-publicacion-1155","11":"pa_autor-maria-soledad-gomez","13":"first","14":"instock","15":"downloadable","16":"virtual","17":"product-type-simple"},"_links":{"self":[{"href":"https:\/\/flacso.cl\/biblioteca\/wp-json\/wp\/v2\/product\/20688","targetHints":{"allow":["GET"]}}],"collection":[{"href":"https:\/\/flacso.cl\/biblioteca\/wp-json\/wp\/v2\/product"}],"about":[{"href":"https:\/\/flacso.cl\/biblioteca\/wp-json\/wp\/v2\/types\/product"}],"wp:featuredmedia":[{"embeddable":true,"href":"https:\/\/flacso.cl\/biblioteca\/wp-json\/wp\/v2\/media\/19593"}],"wp:attachment":[{"href":"https:\/\/flacso.cl\/biblioteca\/wp-json\/wp\/v2\/media?parent=20688"}],"wp:term":[{"taxonomy":"product_brand","embeddable":true,"href":"https:\/\/flacso.cl\/biblioteca\/wp-json\/wp\/v2\/product_brand?post=20688"},{"taxonomy":"product_cat","embeddable":true,"href":"https:\/\/flacso.cl\/biblioteca\/wp-json\/wp\/v2\/product_cat?post=20688"},{"taxonomy":"product_tag","embeddable":true,"href":"https:\/\/flacso.cl\/biblioteca\/wp-json\/wp\/v2\/product_tag?post=20688"}],"curies":[{"name":"wp","href":"https:\/\/api.w.org\/{rel}","templated":true}]}}