{"id":20857,"date":"2023-01-31T07:31:17","date_gmt":"2023-01-31T10:31:17","guid":{"rendered":"https:\/\/flacso.cl\/biblioteca\/product\/seguridad-paz-y-desarme-propuesta-de-concertacion-pacifica-en-america-latina-y-el-caribe\/"},"modified":"2024-11-06T12:39:03","modified_gmt":"2024-11-06T15:39:03","slug":"seguridad-paz-y-desarme-propuestas-de-concertacion-pacifica-en-america-latina-y-el-caribe","status":"publish","type":"product","link":"https:\/\/flacso.cl\/biblioteca\/product\/seguridad-paz-y-desarme-propuestas-de-concertacion-pacifica-en-america-latina-y-el-caribe\/","title":{"rendered":"Seguridad, paz y desarme: propuestas de concertaci\u00f3n pac\u00edfica en Am\u00e9rica Latina y el Caribe. Estudio Estrat\u00e9gico de Am\u00e9rica Latina, 1990-1991"},"content":{"rendered":"<p><strong>Instrucciones de descarga:<\/strong>\u00a0Para descargar esta publicaci\u00f3n, debe ir a la parte de abajo donde se muestra una vista previa del archivo y dar clic en los tres puntos. Al dar clic en los tres puntos se le van a desplegar diferentes opciones y la primera es \u201cDescargar archivo PDF\u201d, el cual le permite guardar el archivo en su computadora.<\/p>\n<div id=\"df_19515\" class=\"_df_book df-lite df-container df-floating df-controls-bottom\" data-title=\"aproximacion-sociologica-al-cambio-de-la-iglesia-catolica-de-santiago\">\n<div id=\"dflip_post_meta_box_shortcode\" class=\"postbox \">\n<div class=\"inside\">\n<div class=\"dflip-tabs normal-tabs\">\n<div id=\"dflip-tab-content-normal\" class=\"dflip-tab-content dflip-active\">\n<div class=\"_df_book df-lite\" id=\"df_25350\"  _slug=\"seguridad-paz-y-desarme-propuesta-de-concertacion-pacifica-en-america-latina-y-el-caribe\" data-title=\"seguridad-paz-y-desarme-propuesta-de-concertacion-pacifica-en-america-latina-y-el-caribe\" wpoptions=\"true\" thumbtype=\"\" ><\/div><script class=\"df-shortcode-script\" nowprocket type=\"application\/javascript\">window.option_df_25350 = {\"outline\":[],\"autoEnableOutline\":\"false\",\"autoEnableThumbnail\":\"false\",\"overwritePDFOutline\":\"false\",\"direction\":\"1\",\"pageSize\":\"0\",\"source\":\"https:\\\/\\\/flacso.cl\\\/biblioteca\\\/wp-content\\\/uploads\\\/2024\\\/11\\\/000709.pdf\",\"wpOptions\":\"true\"}; if(window.DFLIP && window.DFLIP.parseBooks){window.DFLIP.parseBooks();}<\/script>\n<\/div>\n<\/div>\n<\/div>\n<\/div>\n<\/div>\n","protected":false},"excerpt":{"rendered":"<p>Instrucciones de descarga:\u00a0Para descargar esta publicaci\u00f3n, debe ir a la parte de abajo donde se&hellip;<\/p>\n","protected":false},"featured_media":27060,"template":"","meta":[],"product_brand":[],"product_cat":[187],"product_tag":[296,755,374,3194,260,3180,452,733],"class_list":{"0":"post-20857","1":"product","2":"type-product","3":"status-publish","4":"has-post-thumbnail","6":"product_cat-libro","7":"product_tag-america-latina","8":"product_tag-caribe","9":"product_tag-desarme","10":"product_tag-diplomacia-multilateral","11":"product_tag-fuerzas-armadas","12":"product_tag-gasto-militar","13":"product_tag-paz","14":"product_tag-seguridad","15":"pa_anio-publicacion-237","16":"pa_autor-andres-serbin","17":"pa_autor-augusto-varas","18":"pa_autor-francisco-rojas","19":"pa_autor-gustavo-druetta","20":"pa_autor-hugo-palma","21":"pa_autor-jorge-gumucio","22":"pa_autor-jose-maria-vasquez","23":"pa_autor-juan-velit","24":"pa_autor-luis-tibiletti","25":"pa_autor-raimundo-gonzalez","26":"pa_autor-raul-benitez","27":"pa_isbn-956-211-022-1","29":"first","30":"instock","31":"downloadable","32":"virtual","33":"product-type-simple"},"_links":{"self":[{"href":"https:\/\/flacso.cl\/biblioteca\/wp-json\/wp\/v2\/product\/20857","targetHints":{"allow":["GET"]}}],"collection":[{"href":"https:\/\/flacso.cl\/biblioteca\/wp-json\/wp\/v2\/product"}],"about":[{"href":"https:\/\/flacso.cl\/biblioteca\/wp-json\/wp\/v2\/types\/product"}],"wp:featuredmedia":[{"embeddable":true,"href":"https:\/\/flacso.cl\/biblioteca\/wp-json\/wp\/v2\/media\/27060"}],"wp:attachment":[{"href":"https:\/\/flacso.cl\/biblioteca\/wp-json\/wp\/v2\/media?parent=20857"}],"wp:term":[{"taxonomy":"product_brand","embeddable":true,"href":"https:\/\/flacso.cl\/biblioteca\/wp-json\/wp\/v2\/product_brand?post=20857"},{"taxonomy":"product_cat","embeddable":true,"href":"https:\/\/flacso.cl\/biblioteca\/wp-json\/wp\/v2\/product_cat?post=20857"},{"taxonomy":"product_tag","embeddable":true,"href":"https:\/\/flacso.cl\/biblioteca\/wp-json\/wp\/v2\/product_tag?post=20857"}],"curies":[{"name":"wp","href":"https:\/\/api.w.org\/{rel}","templated":true}]}}