{"id":20985,"date":"2023-01-31T07:31:34","date_gmt":"2023-01-31T10:31:34","guid":{"rendered":"https:\/\/flacso.cl\/biblioteca\/product\/evaluacion-de-la-desmovilizacion-de-los-ninos-y-ninas-ex-combatientes-en-colombia-dentro-del-marco-general-del-proceso-de-ddr-emprendido-por-el-gobierno-del-presidente-uribe-con-las-autodefensas-unida\/"},"modified":"2024-10-10T12:25:49","modified_gmt":"2024-10-10T15:25:49","slug":"evaluacion-de-la-desmovilizacion-de-los-ninos-y-ninas-ex-combatientes-en-colombia-dentro-del-marco-general-del-proceso-de-ddr-emprendido-por-el-gobierno-del-presidente-uribe-2002-2010","status":"publish","type":"product","link":"https:\/\/flacso.cl\/biblioteca\/product\/evaluacion-de-la-desmovilizacion-de-los-ninos-y-ninas-ex-combatientes-en-colombia-dentro-del-marco-general-del-proceso-de-ddr-emprendido-por-el-gobierno-del-presidente-uribe-2002-2010\/","title":{"rendered":"Evaluaci\u00f3n de la desmovilizaci\u00f3n de los ni\u00f1os y ni\u00f1as ex combatientes en Colombia dentro del marco general del proceso de DDR emprendido por el Gobierno del Presidente Uribe (2002-2010) con las Autodefensas Unidas de Colombia -AUC-"},"content":{"rendered":"<p><strong>Instrucciones de descarga:<\/strong>\u00a0Para descargar esta publicaci\u00f3n, debe ir a la parte de abajo donde se muestra una vista previa del archivo y dar clic en los tres puntos. Al dar clic en los tres puntos se le van a desplegar diferentes opciones y la primera es \u201cDescargar archivo PDF\u201d, el cual le permite guardar el archivo en su computadora.<\/p>\n<div id=\"df_19515\" class=\"_df_book df-lite df-container df-floating df-controls-bottom\" data-title=\"aproximacion-sociologica-al-cambio-de-la-iglesia-catolica-de-santiago\">\n<div id=\"dflip_post_meta_box_shortcode\" class=\"postbox \">\n<div class=\"inside\">\n<div class=\"dflip-tabs normal-tabs\">\n<div id=\"dflip-tab-content-normal\" class=\"dflip-tab-content dflip-active\">\n<div class=\"_df_book df-lite\" id=\"df_23848\"  _slug=\"evaluacion-de-la-desmovilizacion-de-los-ninos-y-ninas-ex-combatientes-en-colombia-dentro-del-marco-general-del-proceso-de-ddr-emprendido-por-el-gobierno-del-presidente-uribe-con-las-autodefensas-unida\" data-title=\"evaluacion-de-la-desmovilizacion-de-los-ninos-y-ninas-ex-combatientes-en-colombia-dentro-del-marco-general-del-proceso-de-ddr-emprendido-por-el-gobierno-del-presidente-uribe-con-las-autodefensas-unida\" wpoptions=\"true\" thumbtype=\"\" ><\/div><script class=\"df-shortcode-script\" nowprocket type=\"application\/javascript\">window.option_df_23848 = {\"outline\":[],\"autoEnableOutline\":\"false\",\"autoEnableThumbnail\":\"false\",\"overwritePDFOutline\":\"false\",\"direction\":\"1\",\"pageSize\":\"0\",\"source\":\"https:\\\/\\\/flacso.cl\\\/biblioteca\\\/wp-content\\\/uploads\\\/2023\\\/02\\\/TFLACSO-2008LOP.pdf\",\"wpOptions\":\"true\"}; if(window.DFLIP && window.DFLIP.parseBooks){window.DFLIP.parseBooks();}<\/script>\n<\/div>\n<\/div>\n<\/div>\n<\/div>\n<\/div>\n","protected":false},"excerpt":{"rendered":"<p>Instrucciones de descarga:\u00a0Para descargar esta publicaci\u00f3n, debe ir a la parte de abajo donde se&hellip;<\/p>\n","protected":false},"featured_media":19619,"template":"","meta":[],"product_brand":[],"product_cat":[185],"product_tag":[957,958,2777,377],"class_list":{"0":"post-20985","1":"product","2":"type-product","3":"status-publish","4":"has-post-thumbnail","6":"product_cat-tesis","7":"product_tag-conflicto-armado","8":"product_tag-desmovilizacion","9":"product_tag-magister-en-politica-y-gobierno","10":"product_tag-relaciones-internacionales","11":"pa_anio-publicacion-1391","12":"pa_autor-lissette-johana-ordonez-payan","14":"first","15":"instock","16":"downloadable","17":"virtual","18":"product-type-simple"},"_links":{"self":[{"href":"https:\/\/flacso.cl\/biblioteca\/wp-json\/wp\/v2\/product\/20985","targetHints":{"allow":["GET"]}}],"collection":[{"href":"https:\/\/flacso.cl\/biblioteca\/wp-json\/wp\/v2\/product"}],"about":[{"href":"https:\/\/flacso.cl\/biblioteca\/wp-json\/wp\/v2\/types\/product"}],"wp:featuredmedia":[{"embeddable":true,"href":"https:\/\/flacso.cl\/biblioteca\/wp-json\/wp\/v2\/media\/19619"}],"wp:attachment":[{"href":"https:\/\/flacso.cl\/biblioteca\/wp-json\/wp\/v2\/media?parent=20985"}],"wp:term":[{"taxonomy":"product_brand","embeddable":true,"href":"https:\/\/flacso.cl\/biblioteca\/wp-json\/wp\/v2\/product_brand?post=20985"},{"taxonomy":"product_cat","embeddable":true,"href":"https:\/\/flacso.cl\/biblioteca\/wp-json\/wp\/v2\/product_cat?post=20985"},{"taxonomy":"product_tag","embeddable":true,"href":"https:\/\/flacso.cl\/biblioteca\/wp-json\/wp\/v2\/product_tag?post=20985"}],"curies":[{"name":"wp","href":"https:\/\/api.w.org\/{rel}","templated":true}]}}