{"id":20995,"date":"2023-01-31T07:31:35","date_gmt":"2023-01-31T10:31:35","guid":{"rendered":"https:\/\/flacso.cl\/biblioteca\/product\/implementacion-de-politicas-para-la-modernizacion-de-la-gestion-educativa-en-el-ambito-municipal-estudio-de-caso-de-la-corporacion-municipal-de-maipu\/"},"modified":"2024-10-09T16:20:59","modified_gmt":"2024-10-09T19:20:59","slug":"implementacion-de-politicas-para-la-modernizacion-de-la-gestion-educativa-en-el-ambito-municipal-estudio-de-caso-de-la-corporacion-municipal-de-maipu","status":"publish","type":"product","link":"https:\/\/flacso.cl\/biblioteca\/product\/implementacion-de-politicas-para-la-modernizacion-de-la-gestion-educativa-en-el-ambito-municipal-estudio-de-caso-de-la-corporacion-municipal-de-maipu\/","title":{"rendered":"Implementaci\u00f3n de pol\u00edticas para la modernizaci\u00f3n de la gesti\u00f3n educativa\u00a0en el \u00e1mbito municipal: estudio de caso de la Corporaci\u00f3n Municipal de Maip\u00fa"},"content":{"rendered":"<p><strong>Instrucciones de descarga:<\/strong>\u00a0Para descargar esta publicaci\u00f3n, debe ir a la parte de abajo donde se muestra una vista previa del archivo y dar clic en los tres puntos. Al dar clic en los tres puntos se le van a desplegar diferentes opciones y la primera es \u201cDescargar archivo PDF\u201d, el cual le permite guardar el archivo en su computadora.<\/p>\n<div id=\"df_19515\" class=\"_df_book df-lite df-container df-floating df-controls-bottom\" data-title=\"aproximacion-sociologica-al-cambio-de-la-iglesia-catolica-de-santiago\">\n<div id=\"dflip_post_meta_box_shortcode\" class=\"postbox \">\n<div class=\"inside\">\n<div class=\"dflip-tabs normal-tabs\">\n<div id=\"dflip-tab-content-normal\" class=\"dflip-tab-content dflip-active\">\n<div class=\"_df_book df-lite\" id=\"df_23879\"  _slug=\"implementacion-de-politicas-para-la-modernizacion-de-la-gestion-educativa-en-el-ambito-municipal-estudio-de-caso-de-la-corporacion-municipal-de-maipu\" data-title=\"implementacion-de-politicas-para-la-modernizacion-de-la-gestion-educativa-en-el-ambito-municipal-estudio-de-caso-de-la-corporacion-municipal-de-maipu\" wpoptions=\"true\" thumbtype=\"\" ><\/div><script class=\"df-shortcode-script\" nowprocket type=\"application\/javascript\">window.option_df_23879 = {\"outline\":[],\"autoEnableOutline\":\"false\",\"autoEnableThumbnail\":\"false\",\"overwritePDFOutline\":\"false\",\"direction\":\"1\",\"pageSize\":\"0\",\"source\":\"https:\\\/\\\/flacso.cl\\\/biblioteca\\\/wp-content\\\/uploads\\\/2023\\\/02\\\/TFLACSO-2010HDL.pdf\",\"wpOptions\":\"true\"}; if(window.DFLIP && window.DFLIP.parseBooks){window.DFLIP.parseBooks();}<\/script>\n<\/div>\n<\/div>\n<\/div>\n<\/div>\n<\/div>\n","protected":false},"excerpt":{"rendered":"<p>Instrucciones de descarga:\u00a0Para descargar esta publicaci\u00f3n, debe ir a la parte de abajo donde se&hellip;<\/p>\n","protected":false},"featured_media":19619,"template":"","meta":[],"product_brand":[],"product_cat":[185],"product_tag":[972,409,973,2777],"class_list":{"0":"post-20995","1":"product","2":"type-product","3":"status-publish","4":"has-post-thumbnail","6":"product_cat-tesis","7":"product_tag-administracion-de-la-educacion","8":"product_tag-administracion-publica","9":"product_tag-gobierno-municipal","10":"product_tag-magister-en-politica-y-gobierno","11":"pa_anio-publicacion-1436","12":"pa_autor-hary-donoso-lopez","14":"first","15":"instock","16":"downloadable","17":"virtual","18":"product-type-simple"},"_links":{"self":[{"href":"https:\/\/flacso.cl\/biblioteca\/wp-json\/wp\/v2\/product\/20995","targetHints":{"allow":["GET"]}}],"collection":[{"href":"https:\/\/flacso.cl\/biblioteca\/wp-json\/wp\/v2\/product"}],"about":[{"href":"https:\/\/flacso.cl\/biblioteca\/wp-json\/wp\/v2\/types\/product"}],"wp:featuredmedia":[{"embeddable":true,"href":"https:\/\/flacso.cl\/biblioteca\/wp-json\/wp\/v2\/media\/19619"}],"wp:attachment":[{"href":"https:\/\/flacso.cl\/biblioteca\/wp-json\/wp\/v2\/media?parent=20995"}],"wp:term":[{"taxonomy":"product_brand","embeddable":true,"href":"https:\/\/flacso.cl\/biblioteca\/wp-json\/wp\/v2\/product_brand?post=20995"},{"taxonomy":"product_cat","embeddable":true,"href":"https:\/\/flacso.cl\/biblioteca\/wp-json\/wp\/v2\/product_cat?post=20995"},{"taxonomy":"product_tag","embeddable":true,"href":"https:\/\/flacso.cl\/biblioteca\/wp-json\/wp\/v2\/product_tag?post=20995"}],"curies":[{"name":"wp","href":"https:\/\/api.w.org\/{rel}","templated":true}]}}