{"id":21012,"date":"2023-01-31T07:31:38","date_gmt":"2023-01-31T10:31:38","guid":{"rendered":"https:\/\/flacso.cl\/biblioteca\/product\/modernizacion-de-la-gestion-publica-en-el-ambito-de-la-gestion-de-recursos-humanos-en-la-alta-direccion-publica-en-el-sector-salud-en-chile-analisis-a-la-dificultad-de-seleccionar-altos-directivos-en\/"},"modified":"2024-10-08T14:12:36","modified_gmt":"2024-10-08T17:12:36","slug":"modernizacion-de-la-gestion-publica-en-el-ambito-de-la-gestion-de-recursos-humanos-en-la-alta-direccion-publica-en-el-sector-salud-en-chile","status":"publish","type":"product","link":"https:\/\/flacso.cl\/biblioteca\/product\/modernizacion-de-la-gestion-publica-en-el-ambito-de-la-gestion-de-recursos-humanos-en-la-alta-direccion-publica-en-el-sector-salud-en-chile\/","title":{"rendered":"Modernizaci\u00f3n de la gesti\u00f3n p\u00fablica en el \u00e1mbito de la gesti\u00f3n de recursos humanos en la alta direcci\u00f3n p\u00fablica en el sector salud en Chile. An\u00e1lisis a la dificultad de seleccionar altos directivos en hospitales p\u00fablicos"},"content":{"rendered":"<p><strong>Instrucciones de descarga:<\/strong>\u00a0Para descargar esta publicaci\u00f3n, debe ir a la parte de abajo donde se muestra una vista previa del archivo y dar clic en los tres puntos. Al dar clic en los tres puntos se le van a desplegar diferentes opciones y la primera es \u201cDescargar archivo PDF\u201d, el cual le permite guardar el archivo en su computadora.<\/p>\n<div id=\"df_19515\" class=\"_df_book df-lite df-container df-floating df-controls-bottom\" data-title=\"aproximacion-sociologica-al-cambio-de-la-iglesia-catolica-de-santiago\">\n<div id=\"dflip_post_meta_box_shortcode\" class=\"postbox \">\n<div class=\"inside\">\n<div class=\"dflip-tabs normal-tabs\">\n<div id=\"dflip-tab-content-normal\" class=\"dflip-tab-content dflip-active\">\n<div class=\"_df_book df-lite\" id=\"df_23930\"  _slug=\"modernizacion-de-la-gestion-publica-en-el-ambito-de-la-gestion-de-recursos-humanos-en-la-alta-direccion-publica-en-el-sector-salud-en-chile-analisis-a-la-dificultad-de-seleccionar-altos-directivos-en\" data-title=\"modernizacion-de-la-gestion-publica-en-el-ambito-de-la-gestion-de-recursos-humanos-en-la-alta-direccion-publica-en-el-sector-salud-en-chile-analisis-a-la-dificultad-de-seleccionar-altos-directivos-en\" wpoptions=\"true\" thumbtype=\"\" ><\/div><script class=\"df-shortcode-script\" nowprocket type=\"application\/javascript\">window.option_df_23930 = {\"outline\":[],\"autoEnableOutline\":\"false\",\"autoEnableThumbnail\":\"false\",\"overwritePDFOutline\":\"false\",\"direction\":\"1\",\"pageSize\":\"0\",\"source\":\"https:\\\/\\\/flacso.cl\\\/biblioteca\\\/wp-content\\\/uploads\\\/2023\\\/02\\\/TFLACSO-2010AP-CV.pdf\",\"wpOptions\":\"true\"}; if(window.DFLIP && window.DFLIP.parseBooks){window.DFLIP.parseBooks();}<\/script>\n<\/div>\n<\/div>\n<\/div>\n<\/div>\n<\/div>\n","protected":false},"excerpt":{"rendered":"<p>Instrucciones de descarga:\u00a0Para descargar esta publicaci\u00f3n, debe ir a la parte de abajo donde se&hellip;<\/p>\n","protected":false},"featured_media":19619,"template":"","meta":[],"product_brand":[],"product_cat":[185],"product_tag":[287,1003,2777,1002],"class_list":{"0":"post-21012","1":"product","2":"type-product","3":"status-publish","4":"has-post-thumbnail","6":"product_cat-tesis","7":"product_tag-gestion-publica","8":"product_tag-hospitales-publicos","9":"product_tag-magister-en-politica-y-gobierno","10":"product_tag-sector-salud","11":"pa_anio-publicacion-1436","12":"pa_autor-alfonso-peirano-bastias","13":"pa_autor-carlos-vasquez-rojas","15":"first","16":"instock","17":"downloadable","18":"virtual","19":"product-type-simple"},"_links":{"self":[{"href":"https:\/\/flacso.cl\/biblioteca\/wp-json\/wp\/v2\/product\/21012","targetHints":{"allow":["GET"]}}],"collection":[{"href":"https:\/\/flacso.cl\/biblioteca\/wp-json\/wp\/v2\/product"}],"about":[{"href":"https:\/\/flacso.cl\/biblioteca\/wp-json\/wp\/v2\/types\/product"}],"wp:featuredmedia":[{"embeddable":true,"href":"https:\/\/flacso.cl\/biblioteca\/wp-json\/wp\/v2\/media\/19619"}],"wp:attachment":[{"href":"https:\/\/flacso.cl\/biblioteca\/wp-json\/wp\/v2\/media?parent=21012"}],"wp:term":[{"taxonomy":"product_brand","embeddable":true,"href":"https:\/\/flacso.cl\/biblioteca\/wp-json\/wp\/v2\/product_brand?post=21012"},{"taxonomy":"product_cat","embeddable":true,"href":"https:\/\/flacso.cl\/biblioteca\/wp-json\/wp\/v2\/product_cat?post=21012"},{"taxonomy":"product_tag","embeddable":true,"href":"https:\/\/flacso.cl\/biblioteca\/wp-json\/wp\/v2\/product_tag?post=21012"}],"curies":[{"name":"wp","href":"https:\/\/api.w.org\/{rel}","templated":true}]}}