{"id":21016,"date":"2023-01-31T07:31:38","date_gmt":"2023-01-31T10:31:38","guid":{"rendered":"https:\/\/flacso.cl\/biblioteca\/product\/propuestas-de-lineamientos-de-politica-publica-para-la-gestion-del-riesgo-con-inmigrantes-afectados-por-desastres-naturales-la-experiencia-de-la-embajada-del-ecuador-en-chile-a-partir-del-terre\/"},"modified":"2024-10-08T13:52:26","modified_gmt":"2024-10-08T16:52:26","slug":"propuestas-de-lineamientos-de-politica-publica-para-la-gestion-del-riesgo-con-inmigrantes-afectados-por-desastres-naturales-la-experiencia-de-la-embajada-del-ecuador-en-chile-a-partir-del-terre","status":"publish","type":"product","link":"https:\/\/flacso.cl\/biblioteca\/product\/propuestas-de-lineamientos-de-politica-publica-para-la-gestion-del-riesgo-con-inmigrantes-afectados-por-desastres-naturales-la-experiencia-de-la-embajada-del-ecuador-en-chile-a-partir-del-terre\/","title":{"rendered":"Propuestas de lineamientos de pol\u00edtica p\u00fablica para la gesti\u00f3n del riesgo con inmigrantes afectados por desastres naturales; la\u00a0experiencia de la Embajada del Ecuador en Chile, a partir del terremoto del 27 de febrero de 2010"},"content":{"rendered":"<p><strong>Instrucciones de descarga:<\/strong>\u00a0Para descargar esta publicaci\u00f3n, debe ir a la parte de abajo donde se muestra una vista previa del archivo y dar clic en los tres puntos. Al dar clic en los tres puntos se le van a desplegar diferentes opciones y la primera es \u201cDescargar archivo PDF\u201d, el cual le permite guardar el archivo en su computadora.<\/p>\n<div id=\"df_19515\" class=\"_df_book df-lite df-container df-floating df-controls-bottom\" data-title=\"aproximacion-sociologica-al-cambio-de-la-iglesia-catolica-de-santiago\">\n<div id=\"dflip_post_meta_box_shortcode\" class=\"postbox \">\n<div class=\"inside\">\n<div class=\"dflip-tabs normal-tabs\">\n<div id=\"dflip-tab-content-normal\" class=\"dflip-tab-content dflip-active\">\n<div class=\"_df_book df-lite\" id=\"df_23943\"  _slug=\"propuestas-de-lineamientos-de-politica-publica-para-la-gestion-del-riesgo-con-inmigrantes-afectados-por-desastres-naturales-la-experiencia-de-la-embajada-del-ecuador-en-chile-a-partir-del-terre\" data-title=\"propuestas-de-lineamientos-de-politica-publica-para-la-gestion-del-riesgo-con-inmigrantes-afectados-por-desastres-naturales-la-experiencia-de-la-embajada-del-ecuador-en-chile-a-partir-del-terre\" wpoptions=\"true\" thumbtype=\"\" ><\/div><script class=\"df-shortcode-script\" nowprocket type=\"application\/javascript\">window.option_df_23943 = {\"outline\":[],\"autoEnableOutline\":\"false\",\"autoEnableThumbnail\":\"false\",\"overwritePDFOutline\":\"false\",\"direction\":\"1\",\"pageSize\":\"0\",\"source\":\"https:\\\/\\\/flacso.cl\\\/biblioteca\\\/wp-content\\\/uploads\\\/2023\\\/02\\\/TFLACSO-2011CAMB.pdf\",\"wpOptions\":\"true\"}; if(window.DFLIP && window.DFLIP.parseBooks){window.DFLIP.parseBooks();}<\/script>\n<\/div>\n<\/div>\n<\/div>\n<\/div>\n<\/div>\n","protected":false},"excerpt":{"rendered":"<p>Instrucciones de descarga:\u00a0Para descargar esta publicaci\u00f3n, debe ir a la parte de abajo donde se&hellip;<\/p>\n","protected":false},"featured_media":19619,"template":"","meta":[],"product_brand":[],"product_cat":[185],"product_tag":[1010,1011,2777,402],"class_list":{"0":"post-21016","1":"product","2":"type-product","3":"status-publish","4":"has-post-thumbnail","6":"product_cat-tesis","7":"product_tag-gestion-de-riesgo","8":"product_tag-inmigrantes","9":"product_tag-magister-en-politica-y-gobierno","10":"product_tag-politicas-publicas","11":"pa_anio-publicacion-1445","12":"pa_autor-carlos-martinez-bolanos","14":"first","15":"instock","16":"downloadable","17":"virtual","18":"product-type-simple"},"_links":{"self":[{"href":"https:\/\/flacso.cl\/biblioteca\/wp-json\/wp\/v2\/product\/21016","targetHints":{"allow":["GET"]}}],"collection":[{"href":"https:\/\/flacso.cl\/biblioteca\/wp-json\/wp\/v2\/product"}],"about":[{"href":"https:\/\/flacso.cl\/biblioteca\/wp-json\/wp\/v2\/types\/product"}],"wp:featuredmedia":[{"embeddable":true,"href":"https:\/\/flacso.cl\/biblioteca\/wp-json\/wp\/v2\/media\/19619"}],"wp:attachment":[{"href":"https:\/\/flacso.cl\/biblioteca\/wp-json\/wp\/v2\/media?parent=21016"}],"wp:term":[{"taxonomy":"product_brand","embeddable":true,"href":"https:\/\/flacso.cl\/biblioteca\/wp-json\/wp\/v2\/product_brand?post=21016"},{"taxonomy":"product_cat","embeddable":true,"href":"https:\/\/flacso.cl\/biblioteca\/wp-json\/wp\/v2\/product_cat?post=21016"},{"taxonomy":"product_tag","embeddable":true,"href":"https:\/\/flacso.cl\/biblioteca\/wp-json\/wp\/v2\/product_tag?post=21016"}],"curies":[{"name":"wp","href":"https:\/\/api.w.org\/{rel}","templated":true}]}}