{"id":21025,"date":"2023-01-31T07:31:39","date_gmt":"2023-01-31T10:31:39","guid":{"rendered":"https:\/\/flacso.cl\/biblioteca\/product\/analisis-de-factores-criticos-en-las-practicas-de-transparencia-en-el-nivel-local-el-caso-de-penalolen-2009-2010\/"},"modified":"2024-10-04T16:08:49","modified_gmt":"2024-10-04T19:08:49","slug":"analisis-de-factores-criticos-en-las-practicas-de-transparencia-en-el-nivel-local-el-caso-de-penalolen-2009-2010","status":"publish","type":"product","link":"https:\/\/flacso.cl\/biblioteca\/product\/analisis-de-factores-criticos-en-las-practicas-de-transparencia-en-el-nivel-local-el-caso-de-penalolen-2009-2010\/","title":{"rendered":"An\u00e1lisis de factores cr\u00edticos en las pr\u00e1cticas de transparencia en el nivel local, el\u00a0caso de Pe\u00f1alol\u00e9n, 2009-2010"},"content":{"rendered":"<p><strong>Instrucciones de descarga:<\/strong>\u00a0Para descargar esta publicaci\u00f3n, debe ir a la parte de abajo donde se muestra una vista previa del archivo y dar clic en los tres puntos. Al dar clic en los tres puntos se le van a desplegar diferentes opciones y la primera es \u201cDescargar archivo PDF\u201d, el cual le permite guardar el archivo en su computadora.<\/p>\n<div id=\"df_19515\" class=\"_df_book df-lite df-container df-floating df-controls-bottom\" data-title=\"aproximacion-sociologica-al-cambio-de-la-iglesia-catolica-de-santiago\">\n<div id=\"dflip_post_meta_box_shortcode\" class=\"postbox \">\n<div class=\"inside\">\n<div class=\"dflip-tabs normal-tabs\">\n<div id=\"dflip-tab-content-normal\" class=\"dflip-tab-content dflip-active\">\n<div class=\"_df_book df-lite\" id=\"df_23971\"  _slug=\"analisis-de-factores-criticos-en-las-practicas-de-transparencia-en-el-nivel-local-el-caso-de-penalolen-2009-2010\" data-title=\"analisis-de-factores-criticos-en-las-practicas-de-transparencia-en-el-nivel-local-el-caso-de-penalolen-2009-2010\" wpoptions=\"true\" thumbtype=\"\" ><\/div><script class=\"df-shortcode-script\" nowprocket type=\"application\/javascript\">window.option_df_23971 = {\"outline\":[],\"autoEnableOutline\":\"false\",\"autoEnableThumbnail\":\"false\",\"overwritePDFOutline\":\"false\",\"direction\":\"1\",\"pageSize\":\"0\",\"source\":\"https:\\\/\\\/flacso.cl\\\/biblioteca\\\/wp-content\\\/uploads\\\/2023\\\/02\\\/TFLACSO-2011SC-PU.pdf\",\"wpOptions\":\"true\"}; if(window.DFLIP && window.DFLIP.parseBooks){window.DFLIP.parseBooks();}<\/script>\n<\/div>\n<\/div>\n<\/div>\n<\/div>\n<\/div>\n","protected":false},"excerpt":{"rendered":"<p>Instrucciones de descarga:\u00a0Para descargar esta publicaci\u00f3n, debe ir a la parte de abajo donde se&hellip;<\/p>\n","protected":false},"featured_media":19619,"template":"","meta":[],"product_brand":[],"product_cat":[185],"product_tag":[346,1025,2777,1024],"class_list":{"0":"post-21025","1":"product","2":"type-product","3":"status-publish","4":"has-post-thumbnail","6":"product_cat-tesis","7":"product_tag-democracia","8":"product_tag-ley-de-acceso-a-la-informacion-publica","9":"product_tag-magister-en-politica-y-gobierno","10":"product_tag-responsabilidad-del-estado","11":"pa_anio-publicacion-1445","12":"pa_autor-pedro-uribe-munoz","13":"pa_autor-sara-campos-sallato","15":"first","16":"instock","17":"downloadable","18":"virtual","19":"product-type-simple"},"_links":{"self":[{"href":"https:\/\/flacso.cl\/biblioteca\/wp-json\/wp\/v2\/product\/21025","targetHints":{"allow":["GET"]}}],"collection":[{"href":"https:\/\/flacso.cl\/biblioteca\/wp-json\/wp\/v2\/product"}],"about":[{"href":"https:\/\/flacso.cl\/biblioteca\/wp-json\/wp\/v2\/types\/product"}],"wp:featuredmedia":[{"embeddable":true,"href":"https:\/\/flacso.cl\/biblioteca\/wp-json\/wp\/v2\/media\/19619"}],"wp:attachment":[{"href":"https:\/\/flacso.cl\/biblioteca\/wp-json\/wp\/v2\/media?parent=21025"}],"wp:term":[{"taxonomy":"product_brand","embeddable":true,"href":"https:\/\/flacso.cl\/biblioteca\/wp-json\/wp\/v2\/product_brand?post=21025"},{"taxonomy":"product_cat","embeddable":true,"href":"https:\/\/flacso.cl\/biblioteca\/wp-json\/wp\/v2\/product_cat?post=21025"},{"taxonomy":"product_tag","embeddable":true,"href":"https:\/\/flacso.cl\/biblioteca\/wp-json\/wp\/v2\/product_tag?post=21025"}],"curies":[{"name":"wp","href":"https:\/\/api.w.org\/{rel}","templated":true}]}}