{"id":21038,"date":"2023-01-31T07:31:41","date_gmt":"2023-01-31T10:31:41","guid":{"rendered":"https:\/\/flacso.cl\/biblioteca\/product\/el-transporte-publico-como-elemento-del-mejoramiento-de-la-calidad-de-vida-de-los-ciudadanos-el-caso-de-la-licitacion-de-buses-en-la-region-de-ohiggins\/"},"modified":"2024-09-16T17:01:01","modified_gmt":"2024-09-16T20:01:01","slug":"el-transporte-publico-como-elemento-del-mejoramiento-de-la-calidad-de-vida-de-los-ciudadanos-el-caso-de-la-licitacion-de-buses-en-la-region-de-ohiggins","status":"publish","type":"product","link":"https:\/\/flacso.cl\/biblioteca\/product\/el-transporte-publico-como-elemento-del-mejoramiento-de-la-calidad-de-vida-de-los-ciudadanos-el-caso-de-la-licitacion-de-buses-en-la-region-de-ohiggins\/","title":{"rendered":"El transporte p\u00fablico como elemento del mejoramiento de la calidad de vida de los ciudadanos. El caso de la licitaci\u00f3n de buses en la regi\u00f3n de O\u00b4Higgins"},"content":{"rendered":"<p><strong>Instrucciones de descarga:<\/strong>\u00a0Para descargar esta publicaci\u00f3n, debe ir a la parte de abajo donde se muestra una vista previa del archivo y dar clic en los tres puntos. Al dar clic en los tres puntos se le van a desplegar diferentes opciones y la primera es \u201cDescargar archivo PDF\u201d, el cual le permite guardar el archivo en su computadora.<\/p>\n<div id=\"df_19515\" class=\"_df_book df-lite df-container df-floating df-controls-bottom\" data-title=\"aproximacion-sociologica-al-cambio-de-la-iglesia-catolica-de-santiago\">\n<div id=\"dflip_post_meta_box_shortcode\" class=\"postbox \">\n<div class=\"inside\">\n<div class=\"dflip-tabs normal-tabs\">\n<div id=\"dflip-tab-content-normal\" class=\"dflip-tab-content dflip-active\">\n<div class=\"_df_book df-lite\" id=\"df_24005\"  _slug=\"el-transporte-publico-como-elemento-del-mejoramiento-de-la-calidad-de-vida-de-los-ciudadanos-el-caso-de-la-licitacion-de-buses-en-la-region-de-ohiggins\" data-title=\"el-transporte-publico-como-elemento-del-mejoramiento-de-la-calidad-de-vida-de-los-ciudadanos-el-caso-de-la-licitacion-de-buses-en-la-region-de-ohiggins\" wpoptions=\"true\" thumbtype=\"\" ><\/div><script class=\"df-shortcode-script\" nowprocket type=\"application\/javascript\">window.option_df_24005 = {\"outline\":[],\"autoEnableOutline\":\"false\",\"autoEnableThumbnail\":\"false\",\"overwritePDFOutline\":\"false\",\"direction\":\"1\",\"pageSize\":\"0\",\"source\":\"https:\\\/\\\/flacso.cl\\\/biblioteca\\\/wp-content\\\/uploads\\\/2023\\\/02\\\/TFLACSO-2011OAAM.pdf\",\"wpOptions\":\"true\"}; if(window.DFLIP && window.DFLIP.parseBooks){window.DFLIP.parseBooks();}<\/script>\n<\/div>\n<\/div>\n<\/div>\n<\/div>\n<\/div>\n","protected":false},"excerpt":{"rendered":"<p>Instrucciones de descarga:\u00a0Para descargar esta publicaci\u00f3n, debe ir a la parte de abajo donde se&hellip;<\/p>\n","protected":false},"featured_media":19619,"template":"","meta":[],"product_brand":[],"product_cat":[185],"product_tag":[1030,256,2777,1044,1043],"class_list":{"0":"post-21038","1":"product","2":"type-product","3":"status-publish","4":"has-post-thumbnail","6":"product_cat-tesis","7":"product_tag-calidad-de-vida","8":"product_tag-chile","9":"product_tag-magister-en-politica-y-gobierno","10":"product_tag-region-de-ohiggins","11":"product_tag-transporte-publico","12":"pa_anio-publicacion-1445","13":"pa_autor-oscar-avila-mendez","15":"first","16":"instock","17":"downloadable","18":"virtual","19":"product-type-simple"},"_links":{"self":[{"href":"https:\/\/flacso.cl\/biblioteca\/wp-json\/wp\/v2\/product\/21038","targetHints":{"allow":["GET"]}}],"collection":[{"href":"https:\/\/flacso.cl\/biblioteca\/wp-json\/wp\/v2\/product"}],"about":[{"href":"https:\/\/flacso.cl\/biblioteca\/wp-json\/wp\/v2\/types\/product"}],"wp:featuredmedia":[{"embeddable":true,"href":"https:\/\/flacso.cl\/biblioteca\/wp-json\/wp\/v2\/media\/19619"}],"wp:attachment":[{"href":"https:\/\/flacso.cl\/biblioteca\/wp-json\/wp\/v2\/media?parent=21038"}],"wp:term":[{"taxonomy":"product_brand","embeddable":true,"href":"https:\/\/flacso.cl\/biblioteca\/wp-json\/wp\/v2\/product_brand?post=21038"},{"taxonomy":"product_cat","embeddable":true,"href":"https:\/\/flacso.cl\/biblioteca\/wp-json\/wp\/v2\/product_cat?post=21038"},{"taxonomy":"product_tag","embeddable":true,"href":"https:\/\/flacso.cl\/biblioteca\/wp-json\/wp\/v2\/product_tag?post=21038"}],"curies":[{"name":"wp","href":"https:\/\/api.w.org\/{rel}","templated":true}]}}