{"id":21039,"date":"2023-01-31T07:31:41","date_gmt":"2023-01-31T10:31:41","guid":{"rendered":"https:\/\/flacso.cl\/biblioteca\/product\/gestion-para-resultados-en-chile-analisis-de-caso-del-sistema-de-monitoreo-del-desempeno-del-programa-de-mejoramiento-de-la-gestion\/"},"modified":"2024-09-16T16:38:31","modified_gmt":"2024-09-16T19:38:31","slug":"gestion-para-resultados-en-chile-analisis-de-caso-del-sistema-de-monitoreo-del-desempeno-del-programa-de-mejoramiento-de-la-gestion","status":"publish","type":"product","link":"https:\/\/flacso.cl\/biblioteca\/product\/gestion-para-resultados-en-chile-analisis-de-caso-del-sistema-de-monitoreo-del-desempeno-del-programa-de-mejoramiento-de-la-gestion\/","title":{"rendered":"Gesti\u00f3n para resultados en Chile: an\u00e1lisis de caso del Sistema de Monitoreo del Desempe\u00f1o del Programa de Mejoramiento de la Gesti\u00f3n"},"content":{"rendered":"<p><strong>Instrucciones de descarga:<\/strong>\u00a0Para descargar esta publicaci\u00f3n, debe ir a la parte de abajo donde se muestra una vista previa del archivo y dar clic en los tres puntos. Al dar clic en los tres puntos se le van a desplegar diferentes opciones y la primera es \u201cDescargar archivo PDF\u201d, el cual le permite guardar el archivo en su computadora.<\/p>\n<div id=\"df_19515\" class=\"_df_book df-lite df-container df-floating df-controls-bottom\" data-title=\"aproximacion-sociologica-al-cambio-de-la-iglesia-catolica-de-santiago\">\n<div id=\"dflip_post_meta_box_shortcode\" class=\"postbox \">\n<div class=\"inside\">\n<div class=\"dflip-tabs normal-tabs\">\n<div id=\"dflip-tab-content-normal\" class=\"dflip-tab-content dflip-active\">\n<div class=\"_df_book df-lite\" id=\"df_24008\"  _slug=\"gestion-para-resultados-en-chile-analisis-de-caso-del-sistema-de-monitoreo-del-desempeno-del-programa-de-mejoramiento-de-la-gestion\" data-title=\"gestion-para-resultados-en-chile-analisis-de-caso-del-sistema-de-monitoreo-del-desempeno-del-programa-de-mejoramiento-de-la-gestion\" wpoptions=\"true\" thumbtype=\"\" ><\/div><script class=\"df-shortcode-script\" nowprocket type=\"application\/javascript\">window.option_df_24008 = {\"outline\":[],\"autoEnableOutline\":\"false\",\"autoEnableThumbnail\":\"false\",\"overwritePDFOutline\":\"false\",\"direction\":\"1\",\"pageSize\":\"0\",\"source\":\"https:\\\/\\\/flacso.cl\\\/biblioteca\\\/wp-content\\\/uploads\\\/2023\\\/02\\\/TFLACSO-2011RWAB.pdf\",\"wpOptions\":\"true\"}; if(window.DFLIP && window.DFLIP.parseBooks){window.DFLIP.parseBooks();}<\/script>\n<\/div>\n<\/div>\n<\/div>\n<\/div>\n<\/div>\n","protected":false},"excerpt":{"rendered":"<p>Instrucciones de descarga:\u00a0Para descargar esta publicaci\u00f3n, debe ir a la parte de abajo donde se&hellip;<\/p>\n","protected":false},"featured_media":19619,"template":"","meta":[],"product_brand":[],"product_cat":[185],"product_tag":[1047,2777,1046,1045],"class_list":{"0":"post-21039","1":"product","2":"type-product","3":"status-publish","4":"has-post-thumbnail","6":"product_cat-tesis","7":"product_tag-asociacion-nacional-de-empleados-fiscales-anef","8":"product_tag-magister-en-politica-y-gobierno","9":"product_tag-programa-de-trabajo","10":"product_tag-reforma-de-la-funcion-publica","11":"pa_anio-publicacion-1445","12":"pa_autor-rafael-araya-bugueno","14":"first","15":"instock","16":"downloadable","17":"virtual","18":"product-type-simple"},"_links":{"self":[{"href":"https:\/\/flacso.cl\/biblioteca\/wp-json\/wp\/v2\/product\/21039","targetHints":{"allow":["GET"]}}],"collection":[{"href":"https:\/\/flacso.cl\/biblioteca\/wp-json\/wp\/v2\/product"}],"about":[{"href":"https:\/\/flacso.cl\/biblioteca\/wp-json\/wp\/v2\/types\/product"}],"wp:featuredmedia":[{"embeddable":true,"href":"https:\/\/flacso.cl\/biblioteca\/wp-json\/wp\/v2\/media\/19619"}],"wp:attachment":[{"href":"https:\/\/flacso.cl\/biblioteca\/wp-json\/wp\/v2\/media?parent=21039"}],"wp:term":[{"taxonomy":"product_brand","embeddable":true,"href":"https:\/\/flacso.cl\/biblioteca\/wp-json\/wp\/v2\/product_brand?post=21039"},{"taxonomy":"product_cat","embeddable":true,"href":"https:\/\/flacso.cl\/biblioteca\/wp-json\/wp\/v2\/product_cat?post=21039"},{"taxonomy":"product_tag","embeddable":true,"href":"https:\/\/flacso.cl\/biblioteca\/wp-json\/wp\/v2\/product_tag?post=21039"}],"curies":[{"name":"wp","href":"https:\/\/api.w.org\/{rel}","templated":true}]}}