{"id":21047,"date":"2023-01-31T07:31:42","date_gmt":"2023-01-31T10:31:42","guid":{"rendered":"https:\/\/flacso.cl\/biblioteca\/product\/esfuerzos-para-la-modernizacion-del-estado-experiencias-reconocidas-a-nivel-nacional-en-seguridad-higiene-y-salud-en-el-trabajo-sistematizacion-de-variables-posibles-de-replicar-en-la-administracio\/"},"modified":"2024-09-16T15:59:34","modified_gmt":"2024-09-16T18:59:34","slug":"esfuerzos-para-la-modernizacion-del-estado-experiencias-reconocidas-a-nivel-nacional-en-seguridad-higiene-y-salud-en-el-trabajo-sistematizacion-de-variables-posibles-de-replicar-en-la-administracion","status":"publish","type":"product","link":"https:\/\/flacso.cl\/biblioteca\/product\/esfuerzos-para-la-modernizacion-del-estado-experiencias-reconocidas-a-nivel-nacional-en-seguridad-higiene-y-salud-en-el-trabajo-sistematizacion-de-variables-posibles-de-replicar-en-la-administracion\/","title":{"rendered":"Esfuerzos para la modernizaci\u00f3n del Estado. Experiencias reconocidas a nivel nacional en seguridad, higiene y salud en el trabajo; sistematizaci\u00f3n de variables posibles de replicar en la administraci\u00f3n p\u00fablica en general"},"content":{"rendered":"<p><strong>Instrucciones de descarga:<\/strong>\u00a0Para descargar esta publicaci\u00f3n, debe ir a la parte de abajo donde se muestra una vista previa del archivo y dar clic en los tres puntos. Al dar clic en los tres puntos se le van a desplegar diferentes opciones y la primera es \u201cDescargar archivo PDF\u201d, el cual le permite guardar el archivo en su computadora.<\/p>\n<div id=\"df_19515\" class=\"_df_book df-lite df-container df-floating df-controls-bottom\" data-title=\"aproximacion-sociologica-al-cambio-de-la-iglesia-catolica-de-santiago\">\n<div id=\"dflip_post_meta_box_shortcode\" class=\"postbox \">\n<div class=\"inside\">\n<div class=\"dflip-tabs normal-tabs\">\n<div id=\"dflip-tab-content-normal\" class=\"dflip-tab-content dflip-active\">\n<div class=\"_df_book df-lite\" id=\"df_24029\"  _slug=\"esfuerzos-para-la-modernizacion-del-estado-experiencias-reconocidas-a-nivel-nacional-en-seguridad-higiene-y-salud-en-el-trabajo-sistematizacion-de-variables-posibles-de-replicar-en-la-administracio\" data-title=\"esfuerzos-para-la-modernizacion-del-estado-experiencias-reconocidas-a-nivel-nacional-en-seguridad-higiene-y-salud-en-el-trabajo-sistematizacion-de-variables-posibles-de-replicar-en-la-administracio\" wpoptions=\"true\" thumbtype=\"\" ><\/div><script class=\"df-shortcode-script\" nowprocket type=\"application\/javascript\">window.option_df_24029 = {\"outline\":[],\"autoEnableOutline\":\"false\",\"autoEnableThumbnail\":\"false\",\"overwritePDFOutline\":\"false\",\"direction\":\"1\",\"pageSize\":\"0\",\"source\":\"https:\\\/\\\/flacso.cl\\\/biblioteca\\\/wp-content\\\/uploads\\\/2023\\\/02\\\/TFLACSO-2015IRV.pdf\",\"wpOptions\":\"true\"}; if(window.DFLIP && window.DFLIP.parseBooks){window.DFLIP.parseBooks();}<\/script>\n<\/div>\n<\/div>\n<\/div>\n<\/div>\n<\/div>\n","protected":false},"excerpt":{"rendered":"<p>Instrucciones de descarga:\u00a0Para descargar esta publicaci\u00f3n, debe ir a la parte de abajo donde se&hellip;<\/p>\n","protected":false},"featured_media":19619,"template":"","meta":[],"product_brand":[],"product_cat":[185],"product_tag":[409,2777,950,772],"class_list":{"0":"post-21047","1":"product","2":"type-product","3":"status-publish","4":"has-post-thumbnail","6":"product_cat-tesis","7":"product_tag-administracion-publica","8":"product_tag-magister-en-politica-y-gobierno","9":"product_tag-modernizacion-del-estado","10":"product_tag-trabajo","11":"pa_anio-publicacion-221","12":"pa_autor-ignacio-ramirez-villegas","14":"first","15":"instock","16":"downloadable","17":"virtual","18":"product-type-simple"},"_links":{"self":[{"href":"https:\/\/flacso.cl\/biblioteca\/wp-json\/wp\/v2\/product\/21047","targetHints":{"allow":["GET"]}}],"collection":[{"href":"https:\/\/flacso.cl\/biblioteca\/wp-json\/wp\/v2\/product"}],"about":[{"href":"https:\/\/flacso.cl\/biblioteca\/wp-json\/wp\/v2\/types\/product"}],"wp:featuredmedia":[{"embeddable":true,"href":"https:\/\/flacso.cl\/biblioteca\/wp-json\/wp\/v2\/media\/19619"}],"wp:attachment":[{"href":"https:\/\/flacso.cl\/biblioteca\/wp-json\/wp\/v2\/media?parent=21047"}],"wp:term":[{"taxonomy":"product_brand","embeddable":true,"href":"https:\/\/flacso.cl\/biblioteca\/wp-json\/wp\/v2\/product_brand?post=21047"},{"taxonomy":"product_cat","embeddable":true,"href":"https:\/\/flacso.cl\/biblioteca\/wp-json\/wp\/v2\/product_cat?post=21047"},{"taxonomy":"product_tag","embeddable":true,"href":"https:\/\/flacso.cl\/biblioteca\/wp-json\/wp\/v2\/product_tag?post=21047"}],"curies":[{"name":"wp","href":"https:\/\/api.w.org\/{rel}","templated":true}]}}