{"id":21059,"date":"2023-01-31T07:31:45","date_gmt":"2023-01-31T10:31:45","guid":{"rendered":"https:\/\/flacso.cl\/biblioteca\/product\/estimacion-de-demanda-de-transportes-mediante-metodo-insumo-producto-efectos-en-la-eficiencia-de-las-cadenas-logisticas-de-chile\/"},"modified":"2024-09-16T13:19:55","modified_gmt":"2024-09-16T16:19:55","slug":"estimacion-de-demanda-de-transportes-mediante-metodo-insumo-producto-efectos-en-la-eficiencia-de-las-cadenas-logisticas-de-chile","status":"publish","type":"product","link":"https:\/\/flacso.cl\/biblioteca\/product\/estimacion-de-demanda-de-transportes-mediante-metodo-insumo-producto-efectos-en-la-eficiencia-de-las-cadenas-logisticas-de-chile\/","title":{"rendered":"Estimaci\u00f3n de demanda de transportes mediante m\u00e9todo insumo producto: efectos en la eficiencia de las cadenas log\u00edsticas de Chile"},"content":{"rendered":"<p><strong>Instrucciones de descarga:<\/strong>\u00a0Para descargar esta publicaci\u00f3n, debe ir a la parte de abajo donde se muestra una vista previa del archivo y dar clic en los tres puntos. Al dar clic en los tres puntos se le van a desplegar diferentes opciones y la primera es \u201cDescargar archivo PDF\u201d, el cual le permite guardar el archivo en su computadora.<\/p>\n<div id=\"df_19515\" class=\"_df_book df-lite df-container df-floating df-controls-bottom\" data-title=\"aproximacion-sociologica-al-cambio-de-la-iglesia-catolica-de-santiago\">\n<div id=\"dflip_post_meta_box_shortcode\" class=\"postbox \">\n<div class=\"inside\">\n<div class=\"dflip-tabs normal-tabs\">\n<div id=\"dflip-tab-content-normal\" class=\"dflip-tab-content dflip-active\">\n<div class=\"_df_book df-lite\" id=\"df_24065\"  _slug=\"estimacion-de-demanda-de-transportes-mediante-metodo-insumo-producto-efectos-en-la-eficiencia-de-las-cadenas-logisticas-de-chile\" data-title=\"estimacion-de-demanda-de-transportes-mediante-metodo-insumo-producto-efectos-en-la-eficiencia-de-las-cadenas-logisticas-de-chile\" wpoptions=\"true\" thumbtype=\"\" ><\/div><script class=\"df-shortcode-script\" nowprocket type=\"application\/javascript\">window.option_df_24065 = {\"outline\":[],\"autoEnableOutline\":\"false\",\"autoEnableThumbnail\":\"false\",\"overwritePDFOutline\":\"false\",\"direction\":\"1\",\"pageSize\":\"0\",\"source\":\"https:\\\/\\\/flacso.cl\\\/biblioteca\\\/wp-content\\\/uploads\\\/2023\\\/02\\\/TFLACSO-2016FUO.pdf\",\"wpOptions\":\"true\"}; if(window.DFLIP && window.DFLIP.parseBooks){window.DFLIP.parseBooks();}<\/script>\n<\/div>\n<\/div>\n<\/div>\n<\/div>\n<\/div>\n","protected":false},"excerpt":{"rendered":"<p>Instrucciones de descarga:\u00a0Para descargar esta publicaci\u00f3n, debe ir a la parte de abajo donde se&hellip;<\/p>\n","protected":false},"featured_media":19619,"template":"","meta":[],"product_brand":[],"product_cat":[185],"product_tag":[256,1079,2771,1078],"class_list":{"0":"post-21059","1":"product","2":"type-product","3":"status-publish","4":"has-post-thumbnail","6":"product_cat-tesis","7":"product_tag-chile","8":"product_tag-crecimiento-economico","9":"product_tag-magister-en-gerencia-para-el-desarrollo","10":"product_tag-metodo-insumo-producto","11":"pa_anio-publicacion-222","12":"pa_autor-felipe-ulloa-orellana","14":"first","15":"instock","16":"downloadable","17":"virtual","18":"product-type-simple"},"_links":{"self":[{"href":"https:\/\/flacso.cl\/biblioteca\/wp-json\/wp\/v2\/product\/21059","targetHints":{"allow":["GET"]}}],"collection":[{"href":"https:\/\/flacso.cl\/biblioteca\/wp-json\/wp\/v2\/product"}],"about":[{"href":"https:\/\/flacso.cl\/biblioteca\/wp-json\/wp\/v2\/types\/product"}],"wp:featuredmedia":[{"embeddable":true,"href":"https:\/\/flacso.cl\/biblioteca\/wp-json\/wp\/v2\/media\/19619"}],"wp:attachment":[{"href":"https:\/\/flacso.cl\/biblioteca\/wp-json\/wp\/v2\/media?parent=21059"}],"wp:term":[{"taxonomy":"product_brand","embeddable":true,"href":"https:\/\/flacso.cl\/biblioteca\/wp-json\/wp\/v2\/product_brand?post=21059"},{"taxonomy":"product_cat","embeddable":true,"href":"https:\/\/flacso.cl\/biblioteca\/wp-json\/wp\/v2\/product_cat?post=21059"},{"taxonomy":"product_tag","embeddable":true,"href":"https:\/\/flacso.cl\/biblioteca\/wp-json\/wp\/v2\/product_tag?post=21059"}],"curies":[{"name":"wp","href":"https:\/\/api.w.org\/{rel}","templated":true}]}}