{"id":21070,"date":"2023-01-31T07:31:46","date_gmt":"2023-01-31T10:31:46","guid":{"rendered":"https:\/\/flacso.cl\/biblioteca\/product\/sistematizacion-de-la-implementacion-del-programa-piloto-de-regeneracion-de-condominios-sociales-segunda-oportunidad-en-la-poblacion-benjamin-vicuna-mackenna-region-del-libertador-general-bernado-o\/"},"modified":"2024-09-16T13:10:44","modified_gmt":"2024-09-16T16:10:44","slug":"sistematizacion-de-la-implementacion-del-programa-piloto-de-regeneracion-de-condominios-sociales-segunda-oportunidad","status":"publish","type":"product","link":"https:\/\/flacso.cl\/biblioteca\/product\/sistematizacion-de-la-implementacion-del-programa-piloto-de-regeneracion-de-condominios-sociales-segunda-oportunidad\/","title":{"rendered":"Sistematizaci\u00f3n de la implementaci\u00f3n del Programa Piloto de Regeneraci\u00f3n de Condominios Sociales Segunda Oportunidad, en la Poblaci\u00f3n Benjam\u00edn Vicu\u00f1a Mackenna, Regi\u00f3n del Libertador General Bernardo O&#8217;Higgins"},"content":{"rendered":"<p><strong>Instrucciones de descarga:<\/strong>\u00a0Para descargar esta publicaci\u00f3n, debe ir a la parte de abajo donde se muestra una vista previa del archivo y dar clic en los tres puntos. Al dar clic en los tres puntos se le van a desplegar diferentes opciones y la primera es \u201cDescargar archivo PDF\u201d, el cual le permite guardar el archivo en su computadora.<\/p>\n<div id=\"df_19515\" class=\"_df_book df-lite df-container df-floating df-controls-bottom\" data-title=\"aproximacion-sociologica-al-cambio-de-la-iglesia-catolica-de-santiago\">\n<div id=\"dflip_post_meta_box_shortcode\" class=\"postbox \">\n<div class=\"inside\">\n<div class=\"dflip-tabs normal-tabs\">\n<div id=\"dflip-tab-content-normal\" class=\"dflip-tab-content dflip-active\">\n<div class=\"_df_book df-lite\" id=\"df_24098\"  _slug=\"sistematizacion-de-la-implementacion-del-programa-piloto-de-regeneracion-de-condominios-sociales-segunda-oportunidad-en-la-poblacion-benjamin-vicuna-mackenna-region-del-libertador-general-bernado-o\" data-title=\"sistematizacion-de-la-implementacion-del-programa-piloto-de-regeneracion-de-condominios-sociales-segunda-oportunidad-en-la-poblacion-benjamin-vicuna-mackenna-region-del-libertador-general-bernardo-o\" wpoptions=\"true\" thumbtype=\"\" ><\/div><script class=\"df-shortcode-script\" nowprocket type=\"application\/javascript\">window.option_df_24098 = {\"outline\":[],\"autoEnableOutline\":\"false\",\"autoEnableThumbnail\":\"false\",\"overwritePDFOutline\":\"false\",\"direction\":\"1\",\"pageSize\":\"0\",\"source\":\"https:\\\/\\\/flacso.cl\\\/biblioteca\\\/wp-content\\\/uploads\\\/2023\\\/02\\\/TFLACSO-2020CCGS.pdf\",\"wpOptions\":\"true\"}; if(window.DFLIP && window.DFLIP.parseBooks){window.DFLIP.parseBooks();}<\/script>\n<\/div>\n<\/div>\n<\/div>\n<\/div>\n<\/div>\n","protected":false},"excerpt":{"rendered":"<p>Instrucciones de descarga:\u00a0Para descargar esta publicaci\u00f3n, debe ir a la parte de abajo donde se&hellip;<\/p>\n","protected":false},"featured_media":19619,"template":"","meta":[],"product_brand":[],"product_cat":[185],"product_tag":[256,1098,2771,402],"class_list":{"0":"post-21070","1":"product","2":"type-product","3":"status-publish","4":"has-post-thumbnail","6":"product_cat-tesis","7":"product_tag-chile","8":"product_tag-condominios-sociales","9":"product_tag-magister-en-gerencia-para-el-desarrollo","10":"product_tag-politicas-publicas","11":"pa_anio-publicacion-1524","12":"pa_autor-claudia-gonzalez-silva","14":"first","15":"instock","16":"downloadable","17":"virtual","18":"product-type-simple"},"_links":{"self":[{"href":"https:\/\/flacso.cl\/biblioteca\/wp-json\/wp\/v2\/product\/21070","targetHints":{"allow":["GET"]}}],"collection":[{"href":"https:\/\/flacso.cl\/biblioteca\/wp-json\/wp\/v2\/product"}],"about":[{"href":"https:\/\/flacso.cl\/biblioteca\/wp-json\/wp\/v2\/types\/product"}],"wp:featuredmedia":[{"embeddable":true,"href":"https:\/\/flacso.cl\/biblioteca\/wp-json\/wp\/v2\/media\/19619"}],"wp:attachment":[{"href":"https:\/\/flacso.cl\/biblioteca\/wp-json\/wp\/v2\/media?parent=21070"}],"wp:term":[{"taxonomy":"product_brand","embeddable":true,"href":"https:\/\/flacso.cl\/biblioteca\/wp-json\/wp\/v2\/product_brand?post=21070"},{"taxonomy":"product_cat","embeddable":true,"href":"https:\/\/flacso.cl\/biblioteca\/wp-json\/wp\/v2\/product_cat?post=21070"},{"taxonomy":"product_tag","embeddable":true,"href":"https:\/\/flacso.cl\/biblioteca\/wp-json\/wp\/v2\/product_tag?post=21070"}],"curies":[{"name":"wp","href":"https:\/\/api.w.org\/{rel}","templated":true}]}}