{"id":27515,"date":"2025-08-25T10:10:57","date_gmt":"2025-08-25T14:10:57","guid":{"rendered":"https:\/\/flacso.cl\/biblioteca\/?post_type=product&#038;p=27515"},"modified":"2025-08-25T10:12:09","modified_gmt":"2025-08-25T14:12:09","slug":"analisis-del-proceso-de-participacion-ciudadana-del-parque-isla-cautin-de-temuco-caso-tipico-en-el-diseno-e-implementacion-de-espacios-publicos-del-serviu-araucania-en-el-periodo-2014-2023","status":"publish","type":"product","link":"https:\/\/flacso.cl\/biblioteca\/product\/analisis-del-proceso-de-participacion-ciudadana-del-parque-isla-cautin-de-temuco-caso-tipico-en-el-diseno-e-implementacion-de-espacios-publicos-del-serviu-araucania-en-el-periodo-2014-2023\/","title":{"rendered":"An\u00e1lisis del proceso de participaci\u00f3n ciudadana del Parque Isla Caut\u00edn de Temuco, caso t\u00edpico, en el dise\u00f1o e implementaci\u00f3n de espacios p\u00fablicos del SERVIU Araucan\u00eda en el per\u00edodo a\u00f1o 2014-2023"},"content":{"rendered":"<p><strong>Instrucciones de descarga:<\/strong>\u00a0Para descargar esta publicaci\u00f3n, debe ir a la parte de abajo donde se muestra una vista previa del archivo y dar clic en los tres puntos. Al dar clic en los tres puntos se le van a desplegar diferentes opciones y la primera es \u201cDescargar archivo PDF\u201d, el cual le permite guardar el archivo en su computadora.<\/p>\n<div id=\"df_19515\" class=\"_df_book df-lite df-container df-floating df-controls-bottom\" data-title=\"aproximacion-sociologica-al-cambio-de-la-iglesia-catolica-de-santiago\">\n<div id=\"dflip_post_meta_box_shortcode\" class=\"postbox \">\n<div class=\"inside\">\n<div class=\"dflip-tabs normal-tabs\">\n<div id=\"dflip-tab-content-normal\" class=\"dflip-tab-content dflip-active\">\n<div class=\"_df_book df-lite\" id=\"df_27513\"  _slug=\"analisis-del-proceso-de-participacion-ciudadana-del-parque-isla-cautin-de-temuco-caso-tipico-en-el-diseno-e-implementacion-de-espacios-publicos-del-serviu-araucania-en-el-periodo-ano-2014-2023\" data-title=\"analisis-del-proceso-de-participacion-ciudadana-del-parque-isla-cautin-de-temuco-caso-tipico-en-el-diseno-e-implementacion-de-espacios-publicos-del-serviu-araucania-en-el-periodo-ano-2014-2023\" wpoptions=\"true\" thumbtype=\"\" ><\/div><script class=\"df-shortcode-script\" nowprocket type=\"application\/javascript\">window.option_df_27513 = {\"outline\":[],\"autoEnableOutline\":\"false\",\"autoEnableThumbnail\":\"false\",\"overwritePDFOutline\":\"false\",\"direction\":\"1\",\"pageSize\":\"0\",\"source\":\"https:\\\/\\\/flacso.cl\\\/biblioteca\\\/wp-content\\\/uploads\\\/2025\\\/08\\\/Tesis-Ximena-Fica-Valenzuela.pdf\",\"wpOptions\":\"true\"}; if(window.DFLIP && window.DFLIP.parseBooks){window.DFLIP.parseBooks();}<\/script>\n<\/div>\n<\/div>\n<\/div>\n<\/div>\n<\/div>\n","protected":false},"excerpt":{"rendered":"<p>Instrucciones de descarga:\u00a0Para descargar esta publicaci\u00f3n, debe ir a la parte de abajo donde se&hellip;<\/p>\n","protected":false},"featured_media":19619,"template":"","meta":[],"product_brand":[],"product_cat":[185],"product_tag":[256,463,349,2587,1051,3531,2771,692],"class_list":{"0":"post-27515","1":"product","2":"type-product","3":"status-publish","4":"has-post-thumbnail","6":"product_cat-tesis","7":"product_tag-chile","8":"product_tag-desarrollo-urbano","9":"product_tag-descentralizacion","10":"product_tag-espacio-publico","11":"product_tag-estudio-de-caso","12":"product_tag-gobernanza-participativa","13":"product_tag-magister-en-gerencia-para-el-desarrollo","14":"product_tag-participacion-ciudadana","15":"pa_anio-publicacion-2137","16":"pa_autor-ximena-fica-valenzuela","18":"first","19":"instock","20":"downloadable","21":"virtual","22":"product-type-simple"},"_links":{"self":[{"href":"https:\/\/flacso.cl\/biblioteca\/wp-json\/wp\/v2\/product\/27515","targetHints":{"allow":["GET"]}}],"collection":[{"href":"https:\/\/flacso.cl\/biblioteca\/wp-json\/wp\/v2\/product"}],"about":[{"href":"https:\/\/flacso.cl\/biblioteca\/wp-json\/wp\/v2\/types\/product"}],"wp:featuredmedia":[{"embeddable":true,"href":"https:\/\/flacso.cl\/biblioteca\/wp-json\/wp\/v2\/media\/19619"}],"wp:attachment":[{"href":"https:\/\/flacso.cl\/biblioteca\/wp-json\/wp\/v2\/media?parent=27515"}],"wp:term":[{"taxonomy":"product_brand","embeddable":true,"href":"https:\/\/flacso.cl\/biblioteca\/wp-json\/wp\/v2\/product_brand?post=27515"},{"taxonomy":"product_cat","embeddable":true,"href":"https:\/\/flacso.cl\/biblioteca\/wp-json\/wp\/v2\/product_cat?post=27515"},{"taxonomy":"product_tag","embeddable":true,"href":"https:\/\/flacso.cl\/biblioteca\/wp-json\/wp\/v2\/product_tag?post=27515"}],"curies":[{"name":"wp","href":"https:\/\/api.w.org\/{rel}","templated":true}]}}