{"id":27534,"date":"2025-08-27T10:43:53","date_gmt":"2025-08-27T14:43:53","guid":{"rendered":"https:\/\/flacso.cl\/biblioteca\/?post_type=product&#038;p=27534"},"modified":"2025-08-27T10:47:27","modified_gmt":"2025-08-27T14:47:27","slug":"estrategias-desarrolladas-en-el-cesfam-ramon-corbalan-de-la-comuna-de-santiago-ante-la-implementacion-de-la-politica-publica-de-atencion-de-salud-para-migrantes-internacionales-en-chile","status":"publish","type":"product","link":"https:\/\/flacso.cl\/biblioteca\/product\/estrategias-desarrolladas-en-el-cesfam-ramon-corbalan-de-la-comuna-de-santiago-ante-la-implementacion-de-la-politica-publica-de-atencion-de-salud-para-migrantes-internacionales-en-chile\/","title":{"rendered":"Estrategias desarrolladas en el Cesfam Ram\u00f3n Corbal\u00e1n de la comuna de Santiago, ante la implementaci\u00f3n de la pol\u00edtica p\u00fablica de atenci\u00f3n de salud para migrantes internacionales en Chile"},"content":{"rendered":"<p><strong>Instrucciones de descarga:<\/strong>\u00a0Para descargar esta publicaci\u00f3n, debe ir a la parte de abajo donde se muestra una vista previa del archivo y dar clic en los tres puntos. Al dar clic en los tres puntos se le van a desplegar diferentes opciones y la primera es \u201cDescargar archivo PDF\u201d, el cual le permite guardar el archivo en su computadora.<\/p>\n<div id=\"df_19515\" class=\"_df_book df-lite df-container df-floating df-controls-bottom\" data-title=\"aproximacion-sociologica-al-cambio-de-la-iglesia-catolica-de-santiago\">\n<div id=\"dflip_post_meta_box_shortcode\" class=\"postbox \">\n<div class=\"inside\">\n<div class=\"dflip-tabs normal-tabs\">\n<div id=\"dflip-tab-content-normal\" class=\"dflip-tab-content dflip-active\">\n<div class=\"_df_book df-lite\" id=\"df_27531\"  _slug=\"estrategias-desarrollogadas-en-el-cesfam-ramon-corbalan-de-la-comuna-de-santiago\" data-title=\"estrategias-desarrolladas-en-el-cesfam-ramon-corbalan-de-la-comuna-de-santiago\" wpoptions=\"true\" thumbtype=\"\" ><\/div><script class=\"df-shortcode-script\" nowprocket type=\"application\/javascript\">window.option_df_27531 = {\"outline\":[],\"autoEnableOutline\":\"false\",\"autoEnableThumbnail\":\"false\",\"overwritePDFOutline\":\"false\",\"direction\":\"1\",\"pageSize\":\"0\",\"source\":\"https:\\\/\\\/flacso.cl\\\/biblioteca\\\/wp-content\\\/uploads\\\/2025\\\/08\\\/Tesis-Carlos-Hidalgo-Joyce-Labra_.pdf\",\"wpOptions\":\"true\"}; if(window.DFLIP && window.DFLIP.parseBooks){window.DFLIP.parseBooks();}<\/script>\n<\/div>\n<\/div>\n<\/div>\n<\/div>\n<\/div>\n","protected":false},"excerpt":{"rendered":"<p>Instrucciones de descarga:\u00a0Para descargar esta publicaci\u00f3n, debe ir a la parte de abajo donde se&hellip;<\/p>\n","protected":false},"featured_media":19619,"template":"","meta":[],"product_brand":[],"product_cat":[185],"product_tag":[3546,256,2015,3548,2455,3547,2771,776,402],"class_list":{"0":"post-27534","1":"product","2":"type-product","3":"status-publish","4":"has-post-thumbnail","6":"product_cat-tesis","7":"product_tag-atencion-primaria-de-salud-aps","8":"product_tag-chile","9":"product_tag-derecho-a-la-salud","10":"product_tag-estrategias-de-gestion","11":"product_tag-inclusion-social","12":"product_tag-interculturalidad","13":"product_tag-magister-en-gerencia-para-el-desarrollo","14":"product_tag-migracion","15":"product_tag-politicas-publicas","16":"pa_anio-publicacion-2017","17":"pa_autor-carlos-hidalgo-hidalgo","18":"pa_autor-joyce-labra-avasolo","20":"first","21":"instock","22":"downloadable","23":"virtual","24":"product-type-simple"},"_links":{"self":[{"href":"https:\/\/flacso.cl\/biblioteca\/wp-json\/wp\/v2\/product\/27534","targetHints":{"allow":["GET"]}}],"collection":[{"href":"https:\/\/flacso.cl\/biblioteca\/wp-json\/wp\/v2\/product"}],"about":[{"href":"https:\/\/flacso.cl\/biblioteca\/wp-json\/wp\/v2\/types\/product"}],"wp:featuredmedia":[{"embeddable":true,"href":"https:\/\/flacso.cl\/biblioteca\/wp-json\/wp\/v2\/media\/19619"}],"wp:attachment":[{"href":"https:\/\/flacso.cl\/biblioteca\/wp-json\/wp\/v2\/media?parent=27534"}],"wp:term":[{"taxonomy":"product_brand","embeddable":true,"href":"https:\/\/flacso.cl\/biblioteca\/wp-json\/wp\/v2\/product_brand?post=27534"},{"taxonomy":"product_cat","embeddable":true,"href":"https:\/\/flacso.cl\/biblioteca\/wp-json\/wp\/v2\/product_cat?post=27534"},{"taxonomy":"product_tag","embeddable":true,"href":"https:\/\/flacso.cl\/biblioteca\/wp-json\/wp\/v2\/product_tag?post=27534"}],"curies":[{"name":"wp","href":"https:\/\/api.w.org\/{rel}","templated":true}]}}