{"id":27545,"date":"2025-08-27T12:30:19","date_gmt":"2025-08-27T16:30:19","guid":{"rendered":"https:\/\/flacso.cl\/biblioteca\/?post_type=product&#038;p=27545"},"modified":"2025-08-27T12:30:19","modified_gmt":"2025-08-27T16:30:19","slug":"integracion-de-los-objetivos-de-desarrollo-sostenible-2030-en-la-estrategia-regional-de-desarrollo-region-del-bio-bio-2015-2030","status":"publish","type":"product","link":"https:\/\/flacso.cl\/biblioteca\/product\/integracion-de-los-objetivos-de-desarrollo-sostenible-2030-en-la-estrategia-regional-de-desarrollo-region-del-bio-bio-2015-2030\/","title":{"rendered":"Integraci\u00f3n de los objetivos de desarrollo sostenible 2030 en la estrategia regional de desarrollo regi\u00f3n del B\u00edo B\u00edo 2015-2030"},"content":{"rendered":"<p><strong>Instrucciones de descarga:<\/strong>\u00a0Para descargar esta publicaci\u00f3n, debe ir a la parte de abajo donde se muestra una vista previa del archivo y dar clic en los tres puntos. Al dar clic en los tres puntos se le van a desplegar diferentes opciones y la primera es \u201cDescargar archivo PDF\u201d, el cual le permite guardar el archivo en su computadora.<\/p>\n<div id=\"df_19515\" class=\"_df_book df-lite df-container df-floating df-controls-bottom\" data-title=\"aproximacion-sociologica-al-cambio-de-la-iglesia-catolica-de-santiago\">\n<div id=\"dflip_post_meta_box_shortcode\" class=\"postbox \">\n<div class=\"inside\">\n<div class=\"dflip-tabs normal-tabs\">\n<div id=\"dflip-tab-content-normal\" class=\"dflip-tab-content dflip-active\">\n<div class=\"_df_book df-lite\" id=\"df_27544\"  _slug=\"integracion-de-los-objetivos-de-desarrollo-sostenible-2030-en-la-estrategia-regional-de-desarrollo-region-del-bio-bio-2015-2030\" data-title=\"integracion-de-los-objetivos-de-desarrollo-sostenible-2030-en-la-estrategia-regional-de-desarrollo-region-del-bio-bio-2015-2030\" wpoptions=\"true\" thumbtype=\"\" ><\/div><script class=\"df-shortcode-script\" nowprocket type=\"application\/javascript\">window.option_df_27544 = {\"outline\":[],\"autoEnableOutline\":\"false\",\"autoEnableThumbnail\":\"false\",\"overwritePDFOutline\":\"false\",\"direction\":\"1\",\"pageSize\":\"0\",\"source\":\"https:\\\/\\\/flacso.cl\\\/biblioteca\\\/wp-content\\\/uploads\\\/2025\\\/08\\\/Tesis-Ariela-Astete-Riquelme.pdf\",\"wpOptions\":\"true\"}; if(window.DFLIP && window.DFLIP.parseBooks){window.DFLIP.parseBooks();}<\/script>\n<\/div>\n<\/div>\n<\/div>\n<\/div>\n<\/div>\n","protected":false},"excerpt":{"rendered":"<p>Instrucciones de descarga:\u00a0Para descargar esta publicaci\u00f3n, debe ir a la parte de abajo donde se&hellip;<\/p>\n","protected":false},"featured_media":19619,"template":"","meta":[],"product_brand":[],"product_cat":[185],"product_tag":[3554,3526,3470,3553,2771,2022,402],"class_list":{"0":"post-27545","1":"product","2":"type-product","3":"status-publish","4":"has-post-thumbnail","6":"product_cat-tesis","7":"product_tag-alianzas-publico-privadas","8":"product_tag-desarrollo-sostenible","9":"product_tag-estrategia-de-desarrollo","10":"product_tag-gobernanza-territorial","11":"product_tag-magister-en-gerencia-para-el-desarrollo","12":"product_tag-objetivos-de-desarrollo-sostenible","13":"product_tag-politicas-publicas","14":"pa_anio-publicacion-2137","15":"pa_autor-ariela-astete-riquelme","17":"first","18":"instock","19":"downloadable","20":"virtual","21":"product-type-simple"},"_links":{"self":[{"href":"https:\/\/flacso.cl\/biblioteca\/wp-json\/wp\/v2\/product\/27545","targetHints":{"allow":["GET"]}}],"collection":[{"href":"https:\/\/flacso.cl\/biblioteca\/wp-json\/wp\/v2\/product"}],"about":[{"href":"https:\/\/flacso.cl\/biblioteca\/wp-json\/wp\/v2\/types\/product"}],"wp:featuredmedia":[{"embeddable":true,"href":"https:\/\/flacso.cl\/biblioteca\/wp-json\/wp\/v2\/media\/19619"}],"wp:attachment":[{"href":"https:\/\/flacso.cl\/biblioteca\/wp-json\/wp\/v2\/media?parent=27545"}],"wp:term":[{"taxonomy":"product_brand","embeddable":true,"href":"https:\/\/flacso.cl\/biblioteca\/wp-json\/wp\/v2\/product_brand?post=27545"},{"taxonomy":"product_cat","embeddable":true,"href":"https:\/\/flacso.cl\/biblioteca\/wp-json\/wp\/v2\/product_cat?post=27545"},{"taxonomy":"product_tag","embeddable":true,"href":"https:\/\/flacso.cl\/biblioteca\/wp-json\/wp\/v2\/product_tag?post=27545"}],"curies":[{"name":"wp","href":"https:\/\/api.w.org\/{rel}","templated":true}]}}