{"id":27548,"date":"2025-08-27T12:43:02","date_gmt":"2025-08-27T16:43:02","guid":{"rendered":"https:\/\/flacso.cl\/biblioteca\/?post_type=product&#038;p=27548"},"modified":"2025-08-27T12:44:43","modified_gmt":"2025-08-27T16:44:43","slug":"incidencia-de-la-corrupcion-en-el-crecimiento-economico-del-peru-2003-2022-analisis-econometrico-aplicando-el-modelo-de-correccion-de-error-vectorial-vecm","status":"publish","type":"product","link":"https:\/\/flacso.cl\/biblioteca\/product\/incidencia-de-la-corrupcion-en-el-crecimiento-economico-del-peru-2003-2022-analisis-econometrico-aplicando-el-modelo-de-correccion-de-error-vectorial-vecm\/","title":{"rendered":"Incidencia de la corrupci\u00f3n en el crecimiento econ\u00f3mico del Per\u00fa (2003-2022): an\u00e1lisis econom\u00e9trico aplicando el modelo de correcci\u00f3n de error vectorial (VECM)"},"content":{"rendered":"<p><strong>Instrucciones de descarga:<\/strong>\u00a0Para descargar esta publicaci\u00f3n, debe ir a la parte de abajo donde se muestra una vista previa del archivo y dar clic en los tres puntos. Al dar clic en los tres puntos se le van a desplegar diferentes opciones y la primera es \u201cDescargar archivo PDF\u201d, el cual le permite guardar el archivo en su computadora.<\/p>\n<div id=\"df_19515\" class=\"_df_book df-lite df-container df-floating df-controls-bottom\" data-title=\"aproximacion-sociologica-al-cambio-de-la-iglesia-catolica-de-santiago\">\n<div id=\"dflip_post_meta_box_shortcode\" class=\"postbox \">\n<div class=\"inside\">\n<div class=\"dflip-tabs normal-tabs\">\n<div id=\"dflip-tab-content-normal\" class=\"dflip-tab-content dflip-active\">\n<div class=\"_df_book df-lite\" id=\"df_27549\"  _slug=\"incidencia-de-la-corrupcion-en-el-crecimiento-economico-del-peru-2003-2022-analisis-econometrico-aplicando-el-modelo-de-correccion-de-error-vectoral-vecm\" data-title=\"incidencia-de-la-corrupcion-en-el-crecimiento-economico-del-peru-2003-2022-analisis-econometrico-aplicando-el-modelo-de-correccion-de-error-vectorial-vecm\" wpoptions=\"true\" thumbtype=\"\" ><\/div><script class=\"df-shortcode-script\" nowprocket type=\"application\/javascript\">window.option_df_27549 = {\"outline\":[],\"autoEnableOutline\":\"false\",\"autoEnableThumbnail\":\"false\",\"overwritePDFOutline\":\"false\",\"direction\":\"1\",\"pageSize\":\"0\",\"source\":\"https:\\\/\\\/flacso.cl\\\/biblioteca\\\/wp-content\\\/uploads\\\/2025\\\/08\\\/Tesis-Esteban-Ccana-Laguna.pdf\",\"wpOptions\":\"true\"}; if(window.DFLIP && window.DFLIP.parseBooks){window.DFLIP.parseBooks();}<\/script>\n<\/div>\n<\/div>\n<\/div>\n<\/div>\n<\/div>\n","protected":false},"excerpt":{"rendered":"<p>Instrucciones de descarga:\u00a0Para descargar esta publicaci\u00f3n, debe ir a la parte de abajo donde se&hellip;<\/p>\n","protected":false},"featured_media":19619,"template":"","meta":[],"product_brand":[],"product_cat":[185],"product_tag":[938,1079,3557,465,2771,3556,3159,402],"class_list":{"0":"post-27548","1":"product","2":"type-product","3":"status-publish","4":"has-post-thumbnail","6":"product_cat-tesis","7":"product_tag-corrupcion","8":"product_tag-crecimiento-economico","9":"product_tag-gasto-publico-en-educacion","10":"product_tag-institucionalidad","11":"product_tag-magister-en-gerencia-para-el-desarrollo","12":"product_tag-modelo-de-correccion-de-error-vectorial-vecm","13":"product_tag-peru","14":"product_tag-politicas-publicas","15":"pa_anio-publicacion-2137","16":"pa_autor-esteban-ccana-laguna","18":"first","19":"instock","20":"downloadable","21":"virtual","22":"product-type-simple"},"_links":{"self":[{"href":"https:\/\/flacso.cl\/biblioteca\/wp-json\/wp\/v2\/product\/27548","targetHints":{"allow":["GET"]}}],"collection":[{"href":"https:\/\/flacso.cl\/biblioteca\/wp-json\/wp\/v2\/product"}],"about":[{"href":"https:\/\/flacso.cl\/biblioteca\/wp-json\/wp\/v2\/types\/product"}],"wp:featuredmedia":[{"embeddable":true,"href":"https:\/\/flacso.cl\/biblioteca\/wp-json\/wp\/v2\/media\/19619"}],"wp:attachment":[{"href":"https:\/\/flacso.cl\/biblioteca\/wp-json\/wp\/v2\/media?parent=27548"}],"wp:term":[{"taxonomy":"product_brand","embeddable":true,"href":"https:\/\/flacso.cl\/biblioteca\/wp-json\/wp\/v2\/product_brand?post=27548"},{"taxonomy":"product_cat","embeddable":true,"href":"https:\/\/flacso.cl\/biblioteca\/wp-json\/wp\/v2\/product_cat?post=27548"},{"taxonomy":"product_tag","embeddable":true,"href":"https:\/\/flacso.cl\/biblioteca\/wp-json\/wp\/v2\/product_tag?post=27548"}],"curies":[{"name":"wp","href":"https:\/\/api.w.org\/{rel}","templated":true}]}}