{"id":27559,"date":"2025-09-01T16:44:01","date_gmt":"2025-09-01T20:44:01","guid":{"rendered":"https:\/\/flacso.cl\/biblioteca\/?post_type=product&#038;p=27559"},"modified":"2025-09-01T16:44:52","modified_gmt":"2025-09-01T20:44:52","slug":"analisis-sobre-dinamicas-y-comportamientos-de-actores-involucrados-en-la-formacion-del-programa-intersectorial-chile-crece-contigo","status":"publish","type":"product","link":"https:\/\/flacso.cl\/biblioteca\/product\/analisis-sobre-dinamicas-y-comportamientos-de-actores-involucrados-en-la-formacion-del-programa-intersectorial-chile-crece-contigo\/","title":{"rendered":"An\u00e1lisis sobre din\u00e1micas y comportamientos de actores involucrados en la formaci\u00f3n del programa intersectorial Chile Crece Contigo"},"content":{"rendered":"<p><strong>Instrucciones de descarga:<\/strong>\u00a0Para descargar esta publicaci\u00f3n, debe ir a la parte de abajo donde se muestra una vista previa del archivo y dar clic en los tres puntos. Al dar clic en los tres puntos se le van a desplegar diferentes opciones y la primera es \u201cDescargar archivo PDF\u201d, el cual le permite guardar el archivo en su computadora.<\/p>\n<div id=\"df_19515\" class=\"_df_book df-lite df-container df-floating df-controls-bottom\" data-title=\"aproximacion-sociologica-al-cambio-de-la-iglesia-catolica-de-santiago\">\n<div id=\"dflip_post_meta_box_shortcode\" class=\"postbox \">\n<div class=\"inside\">\n<div class=\"dflip-tabs normal-tabs\">\n<div id=\"dflip-tab-content-normal\" class=\"dflip-tab-content dflip-active\">\n<div class=\"_df_book df-lite\" id=\"df_27563\"  _slug=\"analisis-sobre-dinamicas-y-comportamientos-de-actores-involucrados-en-la-formacion-del-programa-intersectorial-chile-crece-contigo\" data-title=\"analisis-sobre-dinamicas-y-comportamientos-de-actores-involucrados-en-la-formacion-del-programa-intersectorial-chile-crece-contigo\" wpoptions=\"true\" thumbtype=\"\" ><\/div><script class=\"df-shortcode-script\" nowprocket type=\"application\/javascript\">window.option_df_27563 = {\"outline\":[],\"autoEnableOutline\":\"false\",\"autoEnableThumbnail\":\"false\",\"overwritePDFOutline\":\"false\",\"direction\":\"1\",\"pageSize\":\"0\",\"source\":\"https:\\\/\\\/flacso.cl\\\/biblioteca\\\/wp-content\\\/uploads\\\/2025\\\/09\\\/Tesis_Carlos-Ruz-Fuenzalida.pdf\",\"wpOptions\":\"true\"}; if(window.DFLIP && window.DFLIP.parseBooks){window.DFLIP.parseBooks();}<\/script>\n<\/div>\n<\/div>\n<\/div>\n<\/div>\n<\/div>\n","protected":false},"excerpt":{"rendered":"<p>Instrucciones de descarga:\u00a0Para descargar esta publicaci\u00f3n, debe ir a la parte de abajo donde se&hellip;<\/p>\n","protected":false},"featured_media":19619,"template":"","meta":[],"product_brand":[],"product_cat":[185],"product_tag":[3565,2096,3566,612,3564,402,3567],"class_list":{"0":"post-27559","1":"product","2":"type-product","3":"status-publish","4":"has-post-thumbnail","6":"product_cat-tesis","7":"product_tag-chile-crece-contigo","8":"product_tag-entrevistas","9":"product_tag-evaluacion-de-politicas","10":"product_tag-infancia","11":"product_tag-magister-en-politicas-publicas-y-gobierno","12":"product_tag-politicas-publicas","13":"product_tag-programas-sociales","14":"pa_anio-publicacion-2137","15":"pa_autor-carlos-ruz-fuenzalida","17":"first","18":"instock","19":"downloadable","20":"virtual","21":"product-type-simple"},"_links":{"self":[{"href":"https:\/\/flacso.cl\/biblioteca\/wp-json\/wp\/v2\/product\/27559","targetHints":{"allow":["GET"]}}],"collection":[{"href":"https:\/\/flacso.cl\/biblioteca\/wp-json\/wp\/v2\/product"}],"about":[{"href":"https:\/\/flacso.cl\/biblioteca\/wp-json\/wp\/v2\/types\/product"}],"wp:featuredmedia":[{"embeddable":true,"href":"https:\/\/flacso.cl\/biblioteca\/wp-json\/wp\/v2\/media\/19619"}],"wp:attachment":[{"href":"https:\/\/flacso.cl\/biblioteca\/wp-json\/wp\/v2\/media?parent=27559"}],"wp:term":[{"taxonomy":"product_brand","embeddable":true,"href":"https:\/\/flacso.cl\/biblioteca\/wp-json\/wp\/v2\/product_brand?post=27559"},{"taxonomy":"product_cat","embeddable":true,"href":"https:\/\/flacso.cl\/biblioteca\/wp-json\/wp\/v2\/product_cat?post=27559"},{"taxonomy":"product_tag","embeddable":true,"href":"https:\/\/flacso.cl\/biblioteca\/wp-json\/wp\/v2\/product_tag?post=27559"}],"curies":[{"name":"wp","href":"https:\/\/api.w.org\/{rel}","templated":true}]}}