{"id":27567,"date":"2025-09-01T16:59:24","date_gmt":"2025-09-01T20:59:24","guid":{"rendered":"https:\/\/flacso.cl\/biblioteca\/?post_type=product&#038;p=27567"},"modified":"2025-09-01T16:59:24","modified_gmt":"2025-09-01T20:59:24","slug":"paradigma-de-proteccion-en-chile-un-analisis-y-evaluacion-desde-las-experiencias-de-beneficiarias-funcionarios-y-actores-involucrados-de-dos-modelos-residenciales-sename-spe","status":"publish","type":"product","link":"https:\/\/flacso.cl\/biblioteca\/product\/paradigma-de-proteccion-en-chile-un-analisis-y-evaluacion-desde-las-experiencias-de-beneficiarias-funcionarios-y-actores-involucrados-de-dos-modelos-residenciales-sename-spe\/","title":{"rendered":"Paradigma de protecci\u00f3n en Chile: un an\u00e1lisis y evaluaci\u00f3n desde las experiencias de beneficiarias, funcionarios y actores involucrados de dos modelos residenciales, SENAME-SPE"},"content":{"rendered":"<p><strong>Instrucciones de descarga:<\/strong>\u00a0Para descargar esta publicaci\u00f3n, debe ir a la parte de abajo donde se muestra una vista previa del archivo y dar clic en los tres puntos. Al dar clic en los tres puntos se le van a desplegar diferentes opciones y la primera es \u201cDescargar archivo PDF\u201d, el cual le permite guardar el archivo en su computadora.<\/p>\n<div id=\"df_19515\" class=\"_df_book df-lite df-container df-floating df-controls-bottom\" data-title=\"aproximacion-sociologica-al-cambio-de-la-iglesia-catolica-de-santiago\">\n<div id=\"dflip_post_meta_box_shortcode\" class=\"postbox \">\n<div class=\"inside\">\n<div class=\"dflip-tabs normal-tabs\">\n<div id=\"dflip-tab-content-normal\" class=\"dflip-tab-content dflip-active\">\n<div class=\"_df_book df-lite\" id=\"df_27565\"  _slug=\"paradigma-de-proteccion-en-chile-un-analisis-y-evaluacion-desde-las-experiencias-de-beneficiarias-funcionarios-y-actores-involucrados-de-dos-modelos-residenciales-sename-spe\" data-title=\"paradigma-de-proteccion-en-chile-un-analisis-y-evaluacion-desde-las-experiencias-de-beneficiarias-funcionarios-y-actores-involucrados-de-dos-modelos-residenciales-sename-spe\" wpoptions=\"true\" thumbtype=\"\" ><\/div><script class=\"df-shortcode-script\" nowprocket type=\"application\/javascript\">window.option_df_27565 = {\"outline\":[],\"autoEnableOutline\":\"false\",\"autoEnableThumbnail\":\"false\",\"overwritePDFOutline\":\"false\",\"direction\":\"1\",\"pageSize\":\"0\",\"source\":\"https:\\\/\\\/flacso.cl\\\/biblioteca\\\/wp-content\\\/uploads\\\/2025\\\/09\\\/Tesis_Diego-Fernandez-Contreras.pdf\",\"wpOptions\":\"true\"}; if(window.DFLIP && window.DFLIP.parseBooks){window.DFLIP.parseBooks();}<\/script>\n<\/div>\n<\/div>\n<\/div>\n<\/div>\n<\/div>\n","protected":false},"excerpt":{"rendered":"<p>Instrucciones de descarga:\u00a0Para descargar esta publicaci\u00f3n, debe ir a la parte de abajo donde se&hellip;<\/p>\n","protected":false},"featured_media":19619,"template":"","meta":[],"product_brand":[],"product_cat":[185],"product_tag":[431,2096,3564,3569,402,3570],"class_list":{"0":"post-27567","1":"product","2":"type-product","3":"status-publish","4":"has-post-thumbnail","6":"product_cat-tesis","7":"product_tag-derechos-humanos","8":"product_tag-entrevistas","9":"product_tag-magister-en-politicas-publicas-y-gobierno","10":"product_tag-ninez-y-adolescencia","11":"product_tag-politicas-publicas","12":"product_tag-residencias-familiares","13":"pa_anio-publicacion-2137","14":"pa_autor-diego-fernandez-contreras","16":"first","17":"instock","18":"downloadable","19":"virtual","20":"product-type-simple"},"_links":{"self":[{"href":"https:\/\/flacso.cl\/biblioteca\/wp-json\/wp\/v2\/product\/27567","targetHints":{"allow":["GET"]}}],"collection":[{"href":"https:\/\/flacso.cl\/biblioteca\/wp-json\/wp\/v2\/product"}],"about":[{"href":"https:\/\/flacso.cl\/biblioteca\/wp-json\/wp\/v2\/types\/product"}],"wp:featuredmedia":[{"embeddable":true,"href":"https:\/\/flacso.cl\/biblioteca\/wp-json\/wp\/v2\/media\/19619"}],"wp:attachment":[{"href":"https:\/\/flacso.cl\/biblioteca\/wp-json\/wp\/v2\/media?parent=27567"}],"wp:term":[{"taxonomy":"product_brand","embeddable":true,"href":"https:\/\/flacso.cl\/biblioteca\/wp-json\/wp\/v2\/product_brand?post=27567"},{"taxonomy":"product_cat","embeddable":true,"href":"https:\/\/flacso.cl\/biblioteca\/wp-json\/wp\/v2\/product_cat?post=27567"},{"taxonomy":"product_tag","embeddable":true,"href":"https:\/\/flacso.cl\/biblioteca\/wp-json\/wp\/v2\/product_tag?post=27567"}],"curies":[{"name":"wp","href":"https:\/\/api.w.org\/{rel}","templated":true}]}}