{"id":27570,"date":"2025-09-02T11:56:22","date_gmt":"2025-09-02T15:56:22","guid":{"rendered":"https:\/\/flacso.cl\/biblioteca\/?post_type=product&#038;p=27570"},"modified":"2025-09-02T11:59:37","modified_gmt":"2025-09-02T15:59:37","slug":"impugnaciones-de-ilegalidad-a-las-compras-publicas-municipales-de-la-region-de-valparaiso-diagnostico-y-propuestas-de-mitigacion","status":"publish","type":"product","link":"https:\/\/flacso.cl\/biblioteca\/product\/impugnaciones-de-ilegalidad-a-las-compras-publicas-municipales-de-la-region-de-valparaiso-diagnostico-y-propuestas-de-mitigacion\/","title":{"rendered":"Impugnaciones de ilegalidad a las compras p\u00fablicas municipales de la regi\u00f3n de Valpara\u00edso: diagn\u00f3stico y propuestas de mitigaci\u00f3n"},"content":{"rendered":"<p><strong>Instrucciones de descarga:<\/strong>\u00a0Para descargar esta publicaci\u00f3n, debe ir a la parte de abajo donde se muestra una vista previa del archivo y dar clic en los tres puntos. Al dar clic en los tres puntos se le van a desplegar diferentes opciones y la primera es \u201cDescargar archivo PDF\u201d, el cual le permite guardar el archivo en su computadora.<\/p>\n<div id=\"df_19515\" class=\"_df_book df-lite df-container df-floating df-controls-bottom\" data-title=\"aproximacion-sociologica-al-cambio-de-la-iglesia-catolica-de-santiago\">\n<div id=\"dflip_post_meta_box_shortcode\" class=\"postbox \">\n<div class=\"inside\">\n<div class=\"dflip-tabs normal-tabs\">\n<div id=\"dflip-tab-content-normal\" class=\"dflip-tab-content dflip-active\">\n<div class=\"_df_book df-lite\" id=\"df_27568\"  _slug=\"impugnaciones-de-ilegalidad-a-las-comprar-publicas-municipales-de-la-region-de-valparaiso-diagnostico-y-propuestas-de-mitigacion\" data-title=\"impugnaciones-de-ilegalidad-a-las-comprar-publicas-municipales-de-la-region-de-valparaiso-diagnostico-y-propuestas-de-mitigacion\" wpoptions=\"true\" thumbtype=\"\" ><\/div><script class=\"df-shortcode-script\" nowprocket type=\"application\/javascript\">window.option_df_27568 = {\"outline\":[],\"autoEnableOutline\":\"false\",\"autoEnableThumbnail\":\"false\",\"overwritePDFOutline\":\"false\",\"direction\":\"1\",\"pageSize\":\"0\",\"source\":\"https:\\\/\\\/flacso.cl\\\/biblioteca\\\/wp-content\\\/uploads\\\/2025\\\/09\\\/Tesis_Julia-Pereira-Cortes.pdf\",\"wpOptions\":\"true\"}; if(window.DFLIP && window.DFLIP.parseBooks){window.DFLIP.parseBooks();}<\/script>\n<\/div>\n<\/div>\n<\/div>\n<\/div>\n<\/div>\n","protected":false},"excerpt":{"rendered":"<p>Instrucciones de descarga:\u00a0Para descargar esta publicaci\u00f3n, debe ir a la parte de abajo donde se&hellip;<\/p>\n","protected":false},"featured_media":19619,"template":"","meta":[],"product_brand":[],"product_cat":[185],"product_tag":[409,3572,938,3564,402,3573],"class_list":{"0":"post-27570","1":"product","2":"type-product","3":"status-publish","4":"has-post-thumbnail","6":"product_cat-tesis","7":"product_tag-administracion-publica","8":"product_tag-compras-publicas-municipales","9":"product_tag-corrupcion","10":"product_tag-magister-en-politicas-publicas-y-gobierno","11":"product_tag-politicas-publicas","12":"product_tag-transparencia","13":"pa_anio-publicacion-2137","14":"pa_autor-julia-pereira-cortes","16":"first","17":"instock","18":"downloadable","19":"virtual","20":"product-type-simple"},"_links":{"self":[{"href":"https:\/\/flacso.cl\/biblioteca\/wp-json\/wp\/v2\/product\/27570","targetHints":{"allow":["GET"]}}],"collection":[{"href":"https:\/\/flacso.cl\/biblioteca\/wp-json\/wp\/v2\/product"}],"about":[{"href":"https:\/\/flacso.cl\/biblioteca\/wp-json\/wp\/v2\/types\/product"}],"wp:featuredmedia":[{"embeddable":true,"href":"https:\/\/flacso.cl\/biblioteca\/wp-json\/wp\/v2\/media\/19619"}],"wp:attachment":[{"href":"https:\/\/flacso.cl\/biblioteca\/wp-json\/wp\/v2\/media?parent=27570"}],"wp:term":[{"taxonomy":"product_brand","embeddable":true,"href":"https:\/\/flacso.cl\/biblioteca\/wp-json\/wp\/v2\/product_brand?post=27570"},{"taxonomy":"product_cat","embeddable":true,"href":"https:\/\/flacso.cl\/biblioteca\/wp-json\/wp\/v2\/product_cat?post=27570"},{"taxonomy":"product_tag","embeddable":true,"href":"https:\/\/flacso.cl\/biblioteca\/wp-json\/wp\/v2\/product_tag?post=27570"}],"curies":[{"name":"wp","href":"https:\/\/api.w.org\/{rel}","templated":true}]}}